{"id":986,"date":"2023-04-18T17:50:22","date_gmt":"2023-04-18T17:50:22","guid":{"rendered":"https:\/\/bibliocentral.uncoma.edu.ar\/?page_id=986"},"modified":"2024-09-29T00:44:50","modified_gmt":"2024-09-29T03:44:50","slug":"reglamento-de-socios-y-prestamos","status":"publish","type":"page","link":"https:\/\/bibliocentral.uncoma.edu.ar\/index.php\/reglamento-de-socios-y-prestamos\/","title":{"rendered":"Reglamento de Socios y Pr\u00e9stamos"},"content":{"rendered":"\t\t<div data-elementor-type=\"wp-page\" data-elementor-id=\"986\" class=\"elementor elementor-986\">\n\t\t\t\t<div class=\"elementor-element elementor-element-5b4b51d e-con-full e-flex e-con e-parent\" data-id=\"5b4b51d\" data-element_type=\"container\" data-e-type=\"container\">\n\t\t\t\t<div class=\"elementor-element elementor-element-fa68ea7 elementor-widget elementor-widget-heading\" data-id=\"fa68ea7\" data-element_type=\"widget\" data-e-type=\"widget\" data-widget_type=\"heading.default\">\n\t\t\t\t<div class=\"elementor-widget-container\">\n\t\t\t\t\t<h1 class=\"elementor-heading-title elementor-size-default\">Reglamento<strong> de Socios y Pr\u00e9stamos<\/h1>\t\t\t\t<\/div>\n\t\t\t\t<\/div>\n\t\t\t\t<\/div>\n\t\t\t\t<section class=\"elementor-section elementor-top-section elementor-element elementor-element-1ed042a elementor-section-boxed elementor-section-height-default elementor-section-height-default\" data-id=\"1ed042a\" data-element_type=\"section\" data-e-type=\"section\">\n\t\t\t\t\t\t<div class=\"elementor-container elementor-column-gap-default\">\n\t\t\t\t\t<div class=\"elementor-column elementor-col-100 elementor-top-column elementor-element elementor-element-30c4605\" data-id=\"30c4605\" data-element_type=\"column\" data-e-type=\"column\">\n\t\t\t<div class=\"elementor-widget-wrap elementor-element-populated\">\n\t\t\t\t\t\t<div class=\"elementor-element elementor-element-390e951 elementor-widget__width-initial elementor-widget-mobile__width-initial elementor-widget elementor-widget-text-editor\" data-id=\"390e951\" data-element_type=\"widget\" data-e-type=\"widget\" data-widget_type=\"text-editor.default\">\n\t\t\t\t<div class=\"elementor-widget-container\">\n\t\t\t\t\t\t\t\t\t<p>El presente Reglamento, forma parte del reglamento general de la Biblioteca, que se encuentra en proceso de reformulaci\u00f3n, por lo cual se ofrece a los usuarios una versi\u00f3n actualizada de las normas a tener en cuenta para ser socio de la biblioteca y utilizar en forma adecuada el servicio de pr\u00e9stamos de libros.<\/p><p>Algunas consideraciones podr\u00e1n estar sujetas a modificaci\u00f3n, pero no variar\u00e1 el esp\u00edritu de la norma.<\/p><p>ART.1.- Podr\u00e1n ser socios de la Biblioteca, los integrantes de la Comunidad Universitaria en general: Estudiantes, Docentes, No Docentes, becarios, etc. y Graduados de Universidades Nacionales, estos \u00faltimos en calidad de Socios Adherentes.<\/p><p>ART.2: REQUISITOS DE ASOCIACI\u00d3N<\/p><p><strong>Primera etapa:<\/strong><\/p><p>Reinscripcion <span lang=\"es-AR\">en linea<\/span> en: <a href=\"https:\/\/opac.uncoma.edu.ar\/cgi-bin\/koha\/opac-memberentry.pl\" target=\"_blank\" rel=\"noopener\">https:\/\/opac.uncoma.edu.ar\/cgi-bin\/koha\/opac-memberentry.pl<\/a><\/p><div><p><a href=\"https:\/\/opac.uncoma.edu.ar\/cgi-bin\/koha\/opac-memberentry.pl\" target=\"_blank\" rel=\"noopener\"><img decoding=\"async\" class=\"\" src=\"https:\/\/bibliocentral.uncoma.edu.ar\/wp-content\/uploads\/2023\/04\/inscripcion-e1681839469401.png\" alt=\"Acceso a inscripci\u00f3n\" width=\"233\" height=\"59\" \/><\/a><\/p><\/div><p><b>Se requerir\u00e1n los siguientes datos:<\/b><\/p><ul><li>Nombre y Apellido completos.<\/li><li>N\u00ba de DNI.<\/li><li><span lang=\"es-AR\">Tel\u00e9fono de contacto<\/span>: uno personal y otro alternativo.<\/li><li>Domicilio.<\/li><li>Direcci\u00f3n de <span lang=\"es-AR\">correo electr\u00f3nico: uno personal y otro alternativo.<\/span><\/li><\/ul><p><b>Segunda etapa:<\/b><\/p><p><u>Documentaci\u00f3n a presentar:<\/u><\/p><p><b>Ingresantes:<\/b><\/p><p><b>Estudiantes de Asentamiento Central:<\/b><\/p><ul><li>Certificado de alumno regular.<\/li><li>DNI.<\/li><\/ul><p><b>Estudiantes de otros asentamientos:<\/b><\/p><ul><li>Carnet de socio de la Biblioteca que corresponde a su <span lang=\"es-AR\">facultad.<\/span><\/li><li>Certificado de alumno regular.<\/li><li>DNI.<\/li><\/ul><p><b>Docentes y No docentes:<\/b><\/p><ul><li>Recibo de sueldo.<\/li><li>DNI.<\/li><\/ul><p><b>Graduados o socios adherentes:<\/b><\/p><ul><li><span lang=\"es-AR\">T<\/span>\u00edtulo<\/li><li>DNI<\/li><\/ul><p>ART.3 : DEL USO DEL CARNET<\/p><ul><li>El carnet es intransferible y debe ser presentado impreso para tramitar el pr\u00e9stamo de libros.<\/li><li>Durante el transcurso del a\u00f1o, se le enviar\u00e1 por \u00fanica vez el carnet por <span lang=\"es-AR\">correo electr\u00f3nico <\/span>en un archivo PDF (<span lang=\"es-AR\">debe ser <\/span>guardado por futuras perdidas) para que el usuario lo imprima y plastifique (esto \u00faltimo es condici\u00f3n obligatoria).<\/li><li>Anualmente, en el mes de abril, deber\u00e1 actualizar su condici\u00f3n de socio presentando certificado de alumno regular con fecha de abril del corriente a\u00f1o.<\/li><\/ul><p>Art.4 : PR\u00c9STAMOS<\/p><p>a) Pr\u00e9stamos a domicilio<\/p><ul><li>El pr\u00e9stamo a domicilio ser\u00e1 hasta 7 (siete) d\u00edas corridos.<\/li><li>Se podr\u00e1n retirar hasta 3 (tres) libros de c\u00e1tedra por vez, m\u00e1s 1 (uno) de la secci\u00f3n \u201cCuarto Libro\u201d.<\/li><li>No se prestar\u00e1n a domicilio los siguientes materiales: obras de referencia \u2013 ejemplares \u00fanicos, agotadas \u2013 revistas \u2013 obras completas \u2013 tesis de grado y posgrado y lo que la Biblioteca determine que debe ser resguardado.<\/li><li>Los ejemplares identificados como \u201clibros de consulta\u201d podr\u00e1n ser retirados s\u00f3lo los fines de semana, y opcionalmente pueden ser *reservados desde el d\u00eda mi\u00e9rcoles.<\/li><li>Los pr\u00e9stamos NO podr\u00e1n ser renovados.<\/li><li>El ejemplar devuelto no puede ser retirado por el mismo usuario el mismo d\u00eda.<\/li><\/ul><p>b) Pr\u00e9stamos de excepci\u00f3n:<\/p><ul><li>Duraci\u00f3n del pr\u00e9stamo: se podr\u00e1 extender la duraci\u00f3n del pr\u00e9stamo en los siguientes casos:<\/li><\/ul><p>Concursos docentes \u2013 Proyectos de investigaci\u00f3n \u2013 Solicitud de c\u00e1tedra.<\/p><ul><li>Requisitos: justificar mediante una nota del interesado y con el aval de la Facultad y con menci\u00f3n de l\u00edmite de tiempo para todo tipo de material.<\/li><\/ul><p>Art.5: R\u00c9GIMEN DE SANCIONES<\/p><p>En caso de no devolver las obras en el caso estipulado, las sanciones ser\u00e1n las siguientes:<\/p><ul><li>Un d\u00eda de atraso: 2 (dos) d\u00edas de suspensi\u00f3n.<\/li><li>Un d\u00eda de atraso de un libro de consulta: 1 (una) semana de suspensi\u00f3n.<\/li><li>Una obra perdida s\u00f3lo ser\u00e1 repuesta por otra igual o semejante, aprobada por la Direcci\u00f3n de Biblioteca Central.<\/li><\/ul><p>Art.6:USO DE LAS INSTALACIONES<\/p><p>Es uso de la biblioteca es p\u00fablico, y concurren mayormente estudiantes de las distintas facultades, para el uso de las salas de estudios, por lo cual se solicita respetar las siguientes normas de convivencia:<\/p><ul><li>Apagar el celular.<\/li><\/ul><ul><li>Mantener silencio.<\/li><li>No ocupar las sillas con mochilas.<\/li><li>No dejar \u00fatiles de estudio ocupando las mesas.<\/li><li>Recuerde que ha lugares donde no se pueden ingerir alimentos.<\/li><\/ul>\t\t\t\t\t\t\t\t<\/div>\n\t\t\t\t<\/div>\n\t\t\t\t\t<\/div>\n\t\t<\/div>\n\t\t\t\t\t<\/div>\n\t\t<\/section>\n\t\t\t\t<\/div>\n\t\t","protected":false},"excerpt":{"rendered":"<p>Reglamento de Socios y Pr\u00e9stamos El presente Reglamento, forma parte del reglamento general de la&#8230;<\/p>\n","protected":false},"author":1,"featured_media":0,"parent":0,"menu_order":0,"comment_status":"closed","ping_status":"closed","template":"","meta":{"footnotes":""},"class_list":["post-986","page","type-page","status-publish","hentry"],"_links":{"self":[{"href":"https:\/\/bibliocentral.uncoma.edu.ar\/index.php\/wp-json\/wp\/v2\/pages\/986","targetHints":{"allow":["GET"]}}],"collection":[{"href":"https:\/\/bibliocentral.uncoma.edu.ar\/index.php\/wp-json\/wp\/v2\/pages"}],"about":[{"href":"https:\/\/bibliocentral.uncoma.edu.ar\/index.php\/wp-json\/wp\/v2\/types\/page"}],"author":[{"embeddable":true,"href":"https:\/\/bibliocentral.uncoma.edu.ar\/index.php\/wp-json\/wp\/v2\/users\/1"}],"replies":[{"embeddable":true,"href":"https:\/\/bibliocentral.uncoma.edu.ar\/index.php\/wp-json\/wp\/v2\/comments?post=986"}],"version-history":[{"count":28,"href":"https:\/\/bibliocentral.uncoma.edu.ar\/index.php\/wp-json\/wp\/v2\/pages\/986\/revisions"}],"predecessor-version":[{"id":2758,"href":"https:\/\/bibliocentral.uncoma.edu.ar\/index.php\/wp-json\/wp\/v2\/pages\/986\/revisions\/2758"}],"wp:attachment":[{"href":"https:\/\/bibliocentral.uncoma.edu.ar\/index.php\/wp-json\/wp\/v2\/media?parent=986"}],"curies":[{"name":"wp","href":"https:\/\/api.w.org\/{rel}","templated":true}]}}