{"id":86,"date":"2022-06-06T15:07:25","date_gmt":"2022-06-06T15:07:25","guid":{"rendered":"http:\/\/170.210.83.55\/?page_id=86"},"modified":"2022-06-08T13:07:03","modified_gmt":"2022-06-08T13:07:03","slug":"recursos-digitales-externos","status":"publish","type":"page","link":"https:\/\/bibliocentral.uncoma.edu.ar\/index.php\/recursos-digitales-externos\/","title":{"rendered":"Recursos Digitales Externos"},"content":{"rendered":"\n<p>En este apartado se re\u00fanen links de Bibliotecas Virtuales, libros en textos completos con el objetivo de difundir el movimiento que promueve el acceso libre y gratuito de Literatura Cient\u00edfica (Open Access).<\/p>\n\n\n\n<hr class=\"wp-block-separator has-alpha-channel-opacity\"\/>\n\n\n\n<p><strong>Material Cient\u00edfico Social<\/strong><\/p>\n\n\n\n<ul class=\"wp-block-list\"><li><a href=\"https:\/\/proyectoinacayal.blogspot.com\/p\/blog-page.html\">Proyecto Inacayal, \u201cSocializar saberes para democratizar sociedades\u201d<\/a>: se encuentra en formato ISSUU (para leer en l\u00ednea), all\u00ed encontrar\u00e1n libros de ciencias sociales, filosof\u00eda, historia, literatura, textos de Bourdieu y Leslie Bethell.<\/li><li><a href=\"https:\/\/www.ellibrototal.com\/ltotal\/\">El Libro total<\/a>: disponibles obras de autores cl\u00e1sicos y de ciencias naturales (formato similar a ISSUU).<\/li><li><a href=\"https:\/\/unabibliotecacomunitaria.tumblr.com\/archive\">Biblioteca comunitaria<\/a> libros de ciencias sociales disponibles para descargar en pdf.<\/li><li><a href=\"https:\/\/onedrive.live.com\/?cid=439F4A3E45F377DF&amp;id=439F4A3E45F377DF%21117\">Biblioteca Infernal de Sociolog\u00eda Cr\u00edtica<\/a>: Archivos organizados alfab\u00e9ticamente, encontrar\u00e1n obras de Derrida, Durkheim y Foucault (en formato PDF).<\/li><li><a href=\"https:\/\/rebelion.org\/libros-libres\/\">Rebeli\u00f3n libros libres<\/a>: art\u00edculos y libros de econom\u00eda, cultura, problem\u00e1tica social actual, desde N\u00e9stor Kohan hasta Chomsky, todos disponibles en pdf.<\/li><li><a href=\"http:\/\/kinkallaucv.wordpress.com\/2012\/10\/01\/sociologia\/\">Biblioteca de Sociolog\u00eda<\/a>: pueden descargar archivos en formato PDF, solo se solicita su divulgaci\u00f3n en twitter o en Facebook para ayudar as\u00ed a difundir la p\u00e1gina.<\/li><li><a href=\"https:\/\/refugiosociologico.blogspot.com\/p\/biblioteca.html\">Biblioteca del pensamiento Sociol\u00f3gico<\/a>: Weblog de divulgaci\u00f3n cient\u00edfica, archivos disponibles en PDF.<\/li><li><a href=\"https:\/\/www.dropbox.com\/sh\/ihb9h1h9gy1ef72\/AAAKlyXr0LqB_352-aroSDePa\">Libros descolonizaci\u00f3n<\/a>: aqu\u00ed encontrar\u00e1n libros en clave decolonial de autores como Quijano, Mignolo, Zulma Palermo, entre otros.<\/li><\/ul>\n\n\n\n<hr class=\"wp-block-separator has-alpha-channel-opacity\"\/>\n\n\n\n<p><strong>Bibliotecas Digitales y Repositorios<\/strong><\/p>\n\n\n\n<ul class=\"wp-block-list\"><li><a href=\"http:\/\/biblioteca.clacso.edu.ar\/\">Repositorio Digital de CLACSO<\/a>: ofrece acceso libre y gratuito a la producci\u00f3n de los 324 Centros Miembros de CLACSO en 25 pa\u00edses de Am\u00e9rica Latina y el Caribe. Actualmente, pueden acceder a m\u00e1s de 30.000 textos completos de art\u00edculos, documentos de trabajo, libros y ponencias publicados por la red CLACSO.<\/li><li><a href=\"https:\/\/bibliotecas.csic.es\/es\/informacion-general\">Bibliotecas de Ciencia e Investigaci\u00f3n<\/a>: Servicio de Informaci\u00f3n de la Red de Bibliotecas del Consejo Superior de Investigaciones Cient\u00edficas CSIC.<\/li><li><a href=\"http:\/\/www.cervantesvirtual.com\/\">Biblioteca Virtual Miguel de Cervantes<\/a>: contiene la <a href=\"https:\/\/www.cervantesvirtual.com\/portales\/biblioteca_americana\/\">Biblioteca Americana<\/a> y la <a href=\"https:\/\/www.cervantesvirtual.com\/portales\/biblioteca_literatura_infantil_juvenil\/\">Biblioteca Infantil y Juvenil<\/a>.<\/li><li><a href=\"http:\/\/biblioteca.cfi.org.ar\/biblioteca\/\">Biblioteca &#8220;Dr. Manuel Belgrano&#8221; del Consejo Federal de Inversiones (CFI)<\/a>: especializada en Planificaci\u00f3n Regional y el Desarrollo Econ\u00f3mico y Social, cuenta con informaci\u00f3n muy valiosa y en muchos casos \u00fanica, producida por los t\u00e9cnicos de la instituci\u00f3n, expertos contratados y consultoras, y estudios resultantes de convenios con organismos nacionales e internacionales.<\/li><li><a href=\"https:\/\/ri.conicet.gov.ar\/\">Repositorio Institucional CONICET DIGITAL<\/a>: un servicio de acceso gratuito que permite la consulta, recuperaci\u00f3n y difusi\u00f3n de la producci\u00f3n cient\u00edfico-tecnol\u00f3gica de investigadores, becarios y dem\u00e1s personal del CONICET.<\/li><\/ul>\n\n\n\n<hr class=\"wp-block-separator has-alpha-channel-opacity\"\/>\n\n\n\n<p><strong>Boletines Digitales<\/strong><\/p>\n\n\n\n<ul class=\"wp-block-list\"><li><a href=\"https:\/\/www.aal.edu.ar\/?q=bid\">Bolet\u00edn informativo digital de la Acad\u00e9mica Argentina de Letras<\/a><\/li><\/ul>\n\n\n\n<hr class=\"wp-block-separator has-alpha-channel-opacity\"\/>\n\n\n\n<p><strong>Obras Completa<\/strong><\/p>\n\n\n\n<ul class=\"wp-block-list\"><li><a href=\"http:\/\/bibliotecavirtual.clacso.org.ar\/ar\/libros\/marti\/marti.html\">Jos\u00e9 Mart\u00ed<\/a><\/li><li><a href=\"https:\/\/profesordelenguajeadomicilio.blogspot.com\/2017\/04\/las-20-obras-mas-importantes-de-gabriel.html\">Gabriel Garc\u00eda Marquez<\/a><\/li><li><a href=\"https:\/\/literaturaargentina1unrn.files.wordpress.com\/2012\/04\/borges-jorge-luis-obras-completas.pdf\">Jorge Luis Borges<\/a><\/li><\/ul>\n\n\n\n<hr class=\"wp-block-separator has-alpha-channel-opacity\"\/>\n\n\n\n<p><strong>Acervo Digital Anotado de Literatura Argentina<\/strong><\/p>\n\n\n\n<p>El Acervo digital anotado de literatura argentina est\u00e1 desarrollado por la Direcci\u00f3n de la Biblioteca Nacional y forma parte de los recursos de la Biblioteca Digital Trapalanda de la Biblioteca Nacional Argentina. Aqu\u00ed encontramos una selecci\u00f3n representativa de la literatura nacional de los \u00faltimos doscientos a\u00f1os.<\/p>\n\n\n\n<ul class=\"wp-block-list\"><li><a href=\"http:\/\/adala.fahce.unlp.edu.ar\/library?a=p&amp;p=seccclasicas&amp;cl=CL8\">Obras Cl\u00e1sicas<\/a><\/li><li><a href=\"http:\/\/adala.fahce.unlp.edu.ar\/library?a=p&amp;p=secccontemporaneas&amp;cl=CL21\">Obras Contempor\u00e1neas<\/a><\/li><li><a href=\"http:\/\/adala.fahce.unlp.edu.ar\/library?a=p&amp;p=seccrecobradas&amp;cl=CL9\">Obras Recobradas<\/a><\/li><\/ul>\n\n\n\n<hr class=\"wp-block-separator has-alpha-channel-opacity\"\/>\n\n\n\n<p><strong>Obras Interactivas<\/strong><\/p>\n\n\n\n<ul class=\"wp-block-list\"><li><a href=\"http:\/\/quijote.bne.es\/quiosco\/\">Don Quijote de la Mancha<\/a><\/li><\/ul>\n","protected":false},"excerpt":{"rendered":"<p>En este apartado se re\u00fanen links de Bibliotecas Virtuales, libros en textos completos con el&#8230;<\/p>\n","protected":false},"author":1,"featured_media":0,"parent":0,"menu_order":0,"comment_status":"closed","ping_status":"closed","template":"","meta":{"footnotes":""},"class_list":["post-86","page","type-page","status-publish","hentry"],"_links":{"self":[{"href":"https:\/\/bibliocentral.uncoma.edu.ar\/index.php\/wp-json\/wp\/v2\/pages\/86","targetHints":{"allow":["GET"]}}],"collection":[{"href":"https:\/\/bibliocentral.uncoma.edu.ar\/index.php\/wp-json\/wp\/v2\/pages"}],"about":[{"href":"https:\/\/bibliocentral.uncoma.edu.ar\/index.php\/wp-json\/wp\/v2\/types\/page"}],"author":[{"embeddable":true,"href":"https:\/\/bibliocentral.uncoma.edu.ar\/index.php\/wp-json\/wp\/v2\/users\/1"}],"replies":[{"embeddable":true,"href":"https:\/\/bibliocentral.uncoma.edu.ar\/index.php\/wp-json\/wp\/v2\/comments?post=86"}],"version-history":[{"count":5,"href":"https:\/\/bibliocentral.uncoma.edu.ar\/index.php\/wp-json\/wp\/v2\/pages\/86\/revisions"}],"predecessor-version":[{"id":93,"href":"https:\/\/bibliocentral.uncoma.edu.ar\/index.php\/wp-json\/wp\/v2\/pages\/86\/revisions\/93"}],"wp:attachment":[{"href":"https:\/\/bibliocentral.uncoma.edu.ar\/index.php\/wp-json\/wp\/v2\/media?parent=86"}],"curies":[{"name":"wp","href":"https:\/\/api.w.org\/{rel}","templated":true}]}}