{"id":41,"date":"2022-06-01T12:30:22","date_gmt":"2022-06-01T12:30:22","guid":{"rendered":"http:\/\/170.210.83.55\/?page_id=41"},"modified":"2024-09-29T00:22:04","modified_gmt":"2024-09-29T03:22:04","slug":"sala-de-navegacion","status":"publish","type":"page","link":"https:\/\/bibliocentral.uncoma.edu.ar\/index.php\/sala-de-navegacion\/","title":{"rendered":"Sala de Navegaci\u00f3n"},"content":{"rendered":"\t\t<div data-elementor-type=\"wp-page\" data-elementor-id=\"41\" class=\"elementor elementor-41\">\n\t\t\t\t<div class=\"elementor-element elementor-element-d322ec2 e-flex e-con-boxed e-con e-parent\" data-id=\"d322ec2\" data-element_type=\"container\" data-e-type=\"container\">\n\t\t\t\t\t<div class=\"e-con-inner\">\n\t\t\t\t<div class=\"elementor-element elementor-element-9b11256 elementor-widget elementor-widget-heading\" data-id=\"9b11256\" data-element_type=\"widget\" data-e-type=\"widget\" data-widget_type=\"heading.default\">\n\t\t\t\t<div class=\"elementor-widget-container\">\n\t\t\t\t\t<h1 class=\"elementor-heading-title elementor-size-default\">Sala de Navegaci\u00f3n<\/h1>\t\t\t\t<\/div>\n\t\t\t\t<\/div>\n\t\t\t\t\t<\/div>\n\t\t\t\t<\/div>\n\t\t\t\t<section class=\"elementor-section elementor-top-section elementor-element elementor-element-5a748b38 elementor-section-boxed elementor-section-height-default elementor-section-height-default\" data-id=\"5a748b38\" data-element_type=\"section\" data-e-type=\"section\">\n\t\t\t\t\t\t<div class=\"elementor-container elementor-column-gap-default\">\n\t\t\t\t\t<div class=\"elementor-column elementor-col-100 elementor-top-column elementor-element elementor-element-3381b43b\" data-id=\"3381b43b\" data-element_type=\"column\" data-e-type=\"column\">\n\t\t\t<div class=\"elementor-widget-wrap elementor-element-populated\">\n\t\t\t\t\t\t<div class=\"elementor-element elementor-element-28484fbe elementor-widget__width-initial elementor-widget elementor-widget-text-editor\" data-id=\"28484fbe\" data-element_type=\"widget\" data-e-type=\"widget\" data-widget_type=\"text-editor.default\">\n\t\t\t\t<div class=\"elementor-widget-container\">\n\t\t\t\t\t\t\t\t\t<p><b>La Biblioteca Central <\/b>ofrece acceso inal\u00e1mbrico a Internet en todas sus salas, brindando a los usuarios la oportunidad de navegar en l\u00ednea y realizar investigaciones desde sus propios dispositivos. <br \/>En el primer piso, se encuentra la Sala de Navegaci\u00f3n, equipada con 20 (veinte) computadoras disponibles para los socios de la Biblioteca de<b><i> lunes a viernes, de 8:30 a 15:00 horas<\/i><\/b>; a partir de las 15:00 horas, esta sala est\u00e1 destinada al dictado de clases.<\/p><p>En el \u00e1rea de Circulaci\u00f3n y Pr\u00e9stamos, se han habilitado 5 (cinco) computadoras exclusivas para estudiantes, otorgadas en el marco del Plan Ves II (Plan de<strong><em> Virtualizaci\u00f3n de la Educaci\u00f3n Superior)<\/em><\/strong>. <br \/>Este servicio se ofrece con el objetivo de facilitar la investigaci\u00f3n y el estudio de los usuarios, fomentando un ambiente propicio para el aprendizaje.<br \/>Se solicita a los estudiantes hacer un uso adecuado de estos recursos, respetando las normas establecidas.<\/p><p>Es fundamental mantener el orden y la limpieza en las \u00e1reas habilitadas para el uso de computadoras, as\u00ed como cumplir con los horarios establecidos para evitar inconvenientes y permitir que todos los interesados puedan acceder equitativamente a estos recursos.<\/p><p>La Biblioteca Central se compromete a continuar mejorando sus servicios y recursos tecnol\u00f3gicos para satisfacer las necesidades de la comunidad acad\u00e9mica y promover un acceso a la informaci\u00f3n m\u00e1s eficiente.<\/p><p>\u00a0<\/p><p>\u00a0<\/p>\t\t\t\t\t\t\t\t<\/div>\n\t\t\t\t<\/div>\n\t\t\t\t<div class=\"elementor-element elementor-element-8dd36bc elementor-widget__width-initial elementor-widget elementor-widget-image\" data-id=\"8dd36bc\" data-element_type=\"widget\" data-e-type=\"widget\" data-widget_type=\"image.default\">\n\t\t\t\t<div class=\"elementor-widget-container\">\n\t\t\t\t\t\t\t\t\t\t\t\t\t\t\t<img loading=\"lazy\" width=\"640\" height=\"286\" src=\"https:\/\/bibliocentral.uncoma.edu.ar\/wp-content\/uploads\/2023\/04\/pc_biblio-1024x457.jpg\" class=\"elementor-animation-grow attachment-large size-large wp-image-756\" alt=\"Sala Inform\u00e1tica\" srcset=\"https:\/\/bibliocentral.uncoma.edu.ar\/wp-content\/uploads\/2023\/04\/pc_biblio-1024x457.jpg 1024w, https:\/\/bibliocentral.uncoma.edu.ar\/wp-content\/uploads\/2023\/04\/pc_biblio-300x134.jpg 300w, https:\/\/bibliocentral.uncoma.edu.ar\/wp-content\/uploads\/2023\/04\/pc_biblio-768x342.jpg 768w, https:\/\/bibliocentral.uncoma.edu.ar\/wp-content\/uploads\/2023\/04\/pc_biblio-1536x685.jpg 1536w, https:\/\/bibliocentral.uncoma.edu.ar\/wp-content\/uploads\/2023\/04\/pc_biblio-2048x913.jpg 2048w\" sizes=\"auto, (max-width: 640px) 100vw, 640px\" loading=\"lazy\" decoding=\"async\" \/>\t\t\t\t\t\t\t\t\t\t\t\t\t\t\t<\/div>\n\t\t\t\t<\/div>\n\t\t\t\t\t<\/div>\n\t\t<\/div>\n\t\t\t\t\t<\/div>\n\t\t<\/section>\n\t\t\t\t<\/div>\n\t\t","protected":false},"excerpt":{"rendered":"<p>Sala de Navegaci\u00f3n La Biblioteca Central ofrece acceso inal\u00e1mbrico a Internet en todas sus salas,&#8230;<\/p>\n","protected":false},"author":1,"featured_media":0,"parent":0,"menu_order":0,"comment_status":"closed","ping_status":"closed","template":"","meta":{"footnotes":""},"class_list":["post-41","page","type-page","status-publish","hentry"],"_links":{"self":[{"href":"https:\/\/bibliocentral.uncoma.edu.ar\/index.php\/wp-json\/wp\/v2\/pages\/41","targetHints":{"allow":["GET"]}}],"collection":[{"href":"https:\/\/bibliocentral.uncoma.edu.ar\/index.php\/wp-json\/wp\/v2\/pages"}],"about":[{"href":"https:\/\/bibliocentral.uncoma.edu.ar\/index.php\/wp-json\/wp\/v2\/types\/page"}],"author":[{"embeddable":true,"href":"https:\/\/bibliocentral.uncoma.edu.ar\/index.php\/wp-json\/wp\/v2\/users\/1"}],"replies":[{"embeddable":true,"href":"https:\/\/bibliocentral.uncoma.edu.ar\/index.php\/wp-json\/wp\/v2\/comments?post=41"}],"version-history":[{"count":83,"href":"https:\/\/bibliocentral.uncoma.edu.ar\/index.php\/wp-json\/wp\/v2\/pages\/41\/revisions"}],"predecessor-version":[{"id":2748,"href":"https:\/\/bibliocentral.uncoma.edu.ar\/index.php\/wp-json\/wp\/v2\/pages\/41\/revisions\/2748"}],"wp:attachment":[{"href":"https:\/\/bibliocentral.uncoma.edu.ar\/index.php\/wp-json\/wp\/v2\/media?parent=41"}],"curies":[{"name":"wp","href":"https:\/\/api.w.org\/{rel}","templated":true}]}}