{"id":39,"date":"2022-06-01T12:30:20","date_gmt":"2022-06-01T12:30:20","guid":{"rendered":"http:\/\/170.210.83.55\/?page_id=39"},"modified":"2024-11-12T08:45:51","modified_gmt":"2024-11-12T11:45:51","slug":"prestamos-interbibliotecarios","status":"publish","type":"page","link":"https:\/\/bibliocentral.uncoma.edu.ar\/index.php\/prestamos-interbibliotecarios\/","title":{"rendered":"Pr\u00e9stamos Interbibliotecarios"},"content":{"rendered":"\t\t<div data-elementor-type=\"wp-page\" data-elementor-id=\"39\" class=\"elementor elementor-39\">\n\t\t\t\t\t\t<section class=\"elementor-section elementor-top-section elementor-element elementor-element-329d18b2 elementor-section-boxed elementor-section-height-default elementor-section-height-default\" data-id=\"329d18b2\" data-element_type=\"section\" data-e-type=\"section\">\n\t\t\t\t\t\t<div class=\"elementor-container elementor-column-gap-default\">\n\t\t\t\t\t<div class=\"elementor-column elementor-col-100 elementor-top-column elementor-element elementor-element-7e4f027d\" data-id=\"7e4f027d\" data-element_type=\"column\" data-e-type=\"column\">\n\t\t\t<div class=\"elementor-widget-wrap elementor-element-populated\">\n\t\t\t\t\t\t<div class=\"elementor-element elementor-element-87925b5 elementor-widget elementor-widget-text-editor\" data-id=\"87925b5\" data-element_type=\"widget\" data-e-type=\"widget\" data-widget_type=\"text-editor.default\">\n\t\t\t\t<div class=\"elementor-widget-container\">\n\t\t\t\t\t\t\t\t\t<p><\/p>\n<h3><span style=\"color: #003366;\">Pr\u00e9stamos Interbibliotecarios<\/span><\/h3>\n<p>El servicio de P\u0155estamos Interbibliotecario que ofrece la Biblioteca Central de la UNCo, permite a otras bibliotecas solicitar material bibliogr\u00e1fico de nuestra colecci\u00f3n.&nbsp;<\/p>\n<p>Adem\u00e1s, se puede solicitar a otras bibliotecas universitarias libros y art\u00edculos que no est\u00e9n disponibles en nuestro cat\u00e1logo.&#8221;<\/p>\n<p><\/p>\t\t\t\t\t\t\t\t<\/div>\n\t\t\t\t<\/div>\n\t\t\t\t\t<\/div>\n\t\t<\/div>\n\t\t\t\t\t<\/div>\n\t\t<\/section>\n\t\t<div class=\"elementor-element elementor-element-9dd7948 e-con-full e-flex e-con e-parent\" data-id=\"9dd7948\" data-element_type=\"container\" data-e-type=\"container\">\n\t\t\t\t<div class=\"elementor-element elementor-element-9ab276b elementor-widget elementor-widget-text-editor\" data-id=\"9ab276b\" data-element_type=\"widget\" data-e-type=\"widget\" data-widget_type=\"text-editor.default\">\n\t\t\t\t<div class=\"elementor-widget-container\">\n\t\t\t\t\t\t\t\t\t<h3>Reglamento de Pr\u00e9stamo Interbibliotecario<\/h3>\n<p>La finalidad del presente Reglamento es proveer una normativa general para el pr\u00e9stamo Interbibliotecario y env\u00edo de documentos entre las Bibliotecas del SISBUNC (Sistema de Bibliotecas de la Universidad Nacional del Comahue) y Bibliotecas de universidades del pa\u00eds.<\/p>\n<p>Se entiende como Pr\u00e9stamo Interbibliotecario al uso compartido de los acervos bibliogr\u00e1ficos entre distintas unidades de informaci\u00f3n. Tiene como objetivo favorecer la cooperaci\u00f3n entre las bibliotecas participantes y satisfacer las demandas de materiales que la biblioteca no dispone localmente en su propia colecci\u00f3n.<\/p>\n<p><u>U<\/u><u>suarios<\/u><\/p>\n<p>El usuario debe realizar el pedido del Pr\u00e9stamo Interbibliotecario en la Biblioteca a la cual pertenece, que ser\u00e1 el intermediario y responsable de dicho pr\u00e9stamo.<\/p>\n<p>La biblioteca no aceptar\u00e1 peticiones provenientes directamente de los usuarios o docentes.<\/p>\n<p>Una vez solicitado el pr\u00e9stamo se enviar\u00e1 un planilla correspondiente para ser completada y firmada por los solicitantes y responsables de cada instituci\u00f3n.<\/p>\n<p><u>Bibliotecas participantes:<\/u><\/p>\n<p>Este servicio se ofrecer\u00e1 a todas Bibliotecas que conforman el Sistema de Bibliotecas de la Universidad Nacional del Comahue, SISBUNC y Bibliotecas universitarias de todo el pa\u00eds.<\/p>\n<p><u>De la responsabilidad general<\/u><\/p>\n<p>Cada biblioteca acepta la responsabilidad de suministrar ejemplares de sus propias publicaciones a las otras bibliotecas, mediante pr\u00e9stamo, fotocopia parcial u otro m\u00e9todo apropiado.<\/p>\n<p>Cuando la biblioteca solicitante recibe los documentos originales, los debe usar de acuerdo con su propia normativa salvo que la biblioteca suministradora establezca condiciones especiales.<\/p>\n<p>La biblioteca solicitante tiene la responsabilidad de que el documento se empaquete de un modo seguro, claramente y se asegure adecuadamente antes de su devoluci\u00f3n.<\/p>\n<p>Los documentos se deber\u00edan devolver en el plazo establecido por la biblioteca suministradora, seg\u00fan la fecha acordada, mediante el servicio m\u00e1s r\u00e1pido del que disponga el solicitante.<\/p>\n<p>La biblioteca solicitante asume la responsabilidad del material prestado desde el momento en que una biblioteca suministradora env\u00eda una obra hasta que se devuelve.<\/p>\n<p>La biblioteca solicitante es responsable de cualquier p\u00e9rdida, mutilaci\u00f3n, maltrato o deterioro que suceda.<\/p>\n<p>La biblioteca solicitante deber\u00eda pedir la renovaci\u00f3n del per\u00edodo de pr\u00e9stamo mucho antes de la fecha de vencimiento. Cuando no se reciba una respuesta, se puede asumir que se ha concedido la renovaci\u00f3n.<\/p>\n<p>La cantidad de peticiones de material depender\u00e1 de la disponibilidad del material de solicitado, no mas de 3 obras po cada instituci\u00f3n , aunque tengan diferentes fechas de devoluci\u00f3n.<\/p>\n<p><u>Env\u00edos de Material solicitado<\/u><\/p>\n<p>La solicitud de peticiones la debe hacer el Director de la instituci\u00f3n, Jefe y\/o el responsable inmediato en ausencia de \u00e9stos de la Biblioteca.<\/p>\n<p>No se aceptan peticiones provenientes directamente de los usuarios, ni de ning\u00fan otro miembro no autorizado.<\/p>\n<p>El pr\u00e9stamo se realiza institucionalmente, por lo tanto la Biblioteca solicitante es la responsable<\/p>\n<p>de la devoluci\u00f3n oportuna del material. Se debe asegurar la exactitud de los datos suministrados en el proceso de petici\u00f3n.<\/p>\n<p>Las peticiones pueden ser enviadas por los siguientes medios:<\/p>\n<p>1. Correo electr\u00f3nico. (<a href=\"mailto:prestamos.interbiblio@biblioteca.uncoma.edu.ar\">prestamos.interbiblio@biblioteca.uncoma.edu.ar<\/a>)<\/p>\n<p>3. Nota por correo postal, bolsa institucional.<\/p>\n<p>La biblioteca solicitante debe verificar y, completar la planilla en la medida de lo posible los datos bibliogr\u00e1ficos de la obra solicitada.<\/p>\n<p>En caso de pedir m\u00e1s de una obra por petici\u00f3n se utilizar\u00e1 un s\u00f3lo formulario, explicitando en el mismo, los datos de cada uno de los documentos solicitados.<\/p>\n<p>El tiempo estipulado de pr\u00e9stamo ser\u00e1 de 15 a 30 d\u00edas corridos.<\/p>\n<p>La decisi\u00f3n de enviar una copia o prestar el original depende de la biblioteca suministradora, respecto a su disponibilidad.<\/p>\n<p><u>Materiales <\/u><u>para pr\u00e9stamo:<\/u><\/p>\n<p>Libros, monograf\u00edas, art\u00edculos de publicaciones peri\u00f3dicas, recursos electr\u00f3nicos.<\/p>\n<p>Est\u00e1n excluidos o sujetos a restricciones de pr\u00e9stamo interbibliotecario los siguientes materiales:<\/p>\n<p>Enciclopedias, diccionarios, directorios, anuarios, bibliograf\u00edas, \u00edndices y otras obras de referencia.<\/p>\n<p>Bibliograf\u00eda b\u00e1sica y\/o obligatoria de las c\u00e1tedras, ejemplares \u00fanicos, ejemplares de ediciones agotadas, libros raros\/incunables, tesis, tesinas, proyectos finales de las c\u00e1tedras.<\/p>\n<p>Material del acervo hist\u00f3rico de la instituci\u00f3n que revistan el car\u00e1cter de \u00fanicos, colecciones especiales.<\/p>\n<p><u>Costos:<\/u><\/p>\n<p>Los gastos que ocasione la reproducci\u00f3n y\/o env\u00edo quedan a cargo de la biblioteca solicitante.<\/p>\n<p>La biblioteca suministradora debe notificar a la biblioteca solicitante los gastos que implica el env\u00edo o las fotocopias del material, si fuera necesario.<\/p>\t\t\t\t\t\t\t\t<\/div>\n\t\t\t\t<\/div>\n\t\t\t\t<\/div>\n\t\t<div class=\"elementor-element elementor-element-16f60e5 e-flex e-con-boxed e-con e-parent\" data-id=\"16f60e5\" data-element_type=\"container\" data-e-type=\"container\">\n\t\t\t\t\t<div class=\"e-con-inner\">\n\t\t\t\t<div class=\"elementor-element elementor-element-241ab8e elementor-widget elementor-widget-text-editor\" data-id=\"241ab8e\" data-element_type=\"widget\" data-e-type=\"widget\" data-widget_type=\"text-editor.default\">\n\t\t\t\t<div class=\"elementor-widget-container\">\n\t\t\t\t\t\t\t\t\t<p><span class=\"\">Por favor, complete<\/span><span class=\"HXxIWNox\"><strong> el formulario<\/strong><\/span><span class=\"\"> de abajo y envielo a <\/span><a href=\"mailto:prestamos.interbiblio@biblioteca.uncoma.edu.ar\">prestamos.interbiblio@biblioteca.uncoma.edu.ar<\/a><\/p>\n<p><span class=\"\">\u00a0<\/span><\/p>\t\t\t\t\t\t\t\t<\/div>\n\t\t\t\t<\/div>\n\t\t\t\t\t<\/div>\n\t\t\t\t<\/div>\n\t\t<div class=\"elementor-element elementor-element-58c1fa2 e-flex e-con-boxed e-con e-parent\" data-id=\"58c1fa2\" data-element_type=\"container\" data-e-type=\"container\">\n\t\t\t\t\t<div class=\"e-con-inner\">\n\t\t<div class=\"elementor-element elementor-element-7cd1a53 e-con-full e-flex e-con e-child\" data-id=\"7cd1a53\" data-element_type=\"container\" data-e-type=\"container\">\n\t\t\t\t<div class=\"elementor-element elementor-element-d46eb96 elementor-widget elementor-widget-shortcode\" data-id=\"d46eb96\" data-element_type=\"widget\" data-e-type=\"widget\" data-widget_type=\"shortcode.default\">\n\t\t\t\t<div class=\"elementor-widget-container\">\n\t\t\t\t\t\t\t<div class=\"elementor-shortcode\"><a href=\"https:\/\/bibliocentral.uncoma.edu.ar\/wp-content\/uploads\/2023\/09\/Formulario-Solicitud-de-material-bibligrafico.pdf\" class=\"pdfemb-viewer\" style=\"\" data-width=\"max\" data-height=\"max\" data-toolbar=\"bottom\" data-toolbar-fixed=\"off\">Formulario-Solicitud-de-material-bibligrafico<\/a><\/div>\n\t\t\t\t\t\t<\/div>\n\t\t\t\t<\/div>\n\t\t\t\t<\/div>\n\t\t<div class=\"elementor-element elementor-element-bf26f0b e-con-full e-flex e-con e-child\" data-id=\"bf26f0b\" data-element_type=\"container\" data-e-type=\"container\">\n\t\t\t\t<\/div>\n\t\t<div class=\"elementor-element elementor-element-01e9e8f e-con-full e-flex e-con e-child\" data-id=\"01e9e8f\" data-element_type=\"container\" data-e-type=\"container\">\n\t\t\t\t<\/div>\n\t\t\t\t\t<\/div>\n\t\t\t\t<\/div>\n\t\t<div class=\"elementor-element elementor-element-b9822a5 e-flex e-con-boxed e-con e-parent\" data-id=\"b9822a5\" data-element_type=\"container\" data-e-type=\"container\">\n\t\t\t\t\t<div class=\"e-con-inner\">\n\t\t\t\t<div class=\"elementor-element elementor-element-78dcd91 elementor-button-success elementor-widget elementor-widget-button\" data-id=\"78dcd91\" data-element_type=\"widget\" data-e-type=\"widget\" data-widget_type=\"button.default\">\n\t\t\t\t<div class=\"elementor-widget-container\">\n\t\t\t\t\t\t\t\t\t<div class=\"elementor-button-wrapper\">\n\t\t\t\t\t<a class=\"elementor-button elementor-button-link elementor-size-sm\" href=\"https:\/\/bibliocentral.uncoma.edu.ar\/wp-content\/uploads\/2024\/11\/formulario_prestamo_interb.doc\" target=\"_blank\">\n\t\t\t\t\t\t<span class=\"elementor-button-content-wrapper\">\n\t\t\t\t\t\t\t\t\t<span class=\"elementor-button-text\">Ver y descargar<\/span>\n\t\t\t\t\t<\/span>\n\t\t\t\t\t<\/a>\n\t\t\t\t<\/div>\n\t\t\t\t\t\t\t\t<\/div>\n\t\t\t\t<\/div>\n\t\t\t\t\t<\/div>\n\t\t\t\t<\/div>\n\t\t\t\t<\/div>\n\t\t","protected":false},"excerpt":{"rendered":"<p>Pr\u00e9stamos Interbibliotecarios El servicio de P\u0155estamos Interbibliotecario que ofrece la Biblioteca Central de la UNCo,&#8230;<\/p>\n","protected":false},"author":1,"featured_media":0,"parent":0,"menu_order":0,"comment_status":"closed","ping_status":"closed","template":"","meta":{"footnotes":""},"class_list":["post-39","page","type-page","status-publish","hentry"],"_links":{"self":[{"href":"https:\/\/bibliocentral.uncoma.edu.ar\/index.php\/wp-json\/wp\/v2\/pages\/39","targetHints":{"allow":["GET"]}}],"collection":[{"href":"https:\/\/bibliocentral.uncoma.edu.ar\/index.php\/wp-json\/wp\/v2\/pages"}],"about":[{"href":"https:\/\/bibliocentral.uncoma.edu.ar\/index.php\/wp-json\/wp\/v2\/types\/page"}],"author":[{"embeddable":true,"href":"https:\/\/bibliocentral.uncoma.edu.ar\/index.php\/wp-json\/wp\/v2\/users\/1"}],"replies":[{"embeddable":true,"href":"https:\/\/bibliocentral.uncoma.edu.ar\/index.php\/wp-json\/wp\/v2\/comments?post=39"}],"version-history":[{"count":26,"href":"https:\/\/bibliocentral.uncoma.edu.ar\/index.php\/wp-json\/wp\/v2\/pages\/39\/revisions"}],"predecessor-version":[{"id":2844,"href":"https:\/\/bibliocentral.uncoma.edu.ar\/index.php\/wp-json\/wp\/v2\/pages\/39\/revisions\/2844"}],"wp:attachment":[{"href":"https:\/\/bibliocentral.uncoma.edu.ar\/index.php\/wp-json\/wp\/v2\/media?parent=39"}],"curies":[{"name":"wp","href":"https:\/\/api.w.org\/{rel}","templated":true}]}}