{"id":36,"date":"2022-06-01T12:30:17","date_gmt":"2022-06-01T12:30:17","guid":{"rendered":"http:\/\/170.210.83.55\/?page_id=36"},"modified":"2024-09-12T14:22:09","modified_gmt":"2024-09-12T17:22:09","slug":"recursos-digitales","status":"publish","type":"page","link":"https:\/\/bibliocentral.uncoma.edu.ar\/index.php\/recursos-digitales\/","title":{"rendered":"Recursos Digitales"},"content":{"rendered":"\t\t<div data-elementor-type=\"wp-page\" data-elementor-id=\"36\" class=\"elementor elementor-36\">\n\t\t\t\t\t\t<section class=\"elementor-section elementor-top-section elementor-element elementor-element-58df2231 elementor-section-boxed elementor-section-height-default elementor-section-height-default\" data-id=\"58df2231\" data-element_type=\"section\" data-e-type=\"section\">\n\t\t\t\t\t\t<div class=\"elementor-container elementor-column-gap-default\">\n\t\t\t\t\t<div class=\"elementor-column elementor-col-100 elementor-top-column elementor-element elementor-element-5685a923\" data-id=\"5685a923\" data-element_type=\"column\" data-e-type=\"column\">\n\t\t\t<div class=\"elementor-widget-wrap elementor-element-populated\">\n\t\t\t\t\t\t<div class=\"elementor-element elementor-element-2e70ce74 elementor-widget__width-initial elementor-widget elementor-widget-text-editor\" data-id=\"2e70ce74\" data-element_type=\"widget\" data-e-type=\"widget\" data-widget_type=\"text-editor.default\">\n\t\t\t\t<div class=\"elementor-widget-container\">\n\t\t\t\t\t\t\t\t\t<p><\/p>\n<h1>Recursos Digitales<\/h1>\n<p><strong>* <a href=\"https:\/\/rdi.uncoma.edu.ar\/\" target=\"_blank\" rel=\"noreferrer noopener\" data-type=\"URL\" data-id=\"http:\/\/rdi.uncoma.edu.ar\/\">Repositorio Digital Institucional Universidad Nacional del Comahue<\/a><\/strong><\/p>\n<p><\/p>\n<p><\/p>\n<p>Portal de difusi\u00f3n de la informaci\u00f3n y el conocimiento en la Universidad Nacional del Comahue.<\/p>\n<p>* <a href=\"https:\/\/revele.uncoma.edu.ar\/\" data-wplink-edit=\"true\"><strong>Portal de Revistas Electr\u00f3nicas Universidad Nacional del Comahue<\/strong><\/a><br \/>Este Portal, propone generar mayor visibilidad a las publicaciones de la UNCo, tratando de potenciar el acceso a sus art\u00edculos cient\u00edficos promoviendo el acceso abierto de todo el contenido publicado.<\/p>\n<p><\/p>\n<p><\/p>\n<p><strong>* <a href=\"https:\/\/bibliotecadelenguas.uncoma.edu.ar\/\" target=\"_blank\" rel=\"noreferrer noopener\" data-type=\"URL\" data-id=\"https:\/\/bibliotecadelenguas.uncoma.edu.ar\/\">Biblioteca Digital de la Facultad de Lenguas. Universidad Nacional del Comahue<\/a><\/strong><\/p>\n<p><\/p>\n<p><\/p>\n<p>La Biblioteca Digital es un espacio p\u00fablico que re\u00fane, organiza y difunde informaci\u00f3n digital en acceso abierto para la investigaci\u00f3n y la ense\u00f1anza de lenguas.<\/p>\n<p><\/p>\n<p><\/p>\n<p><strong>* <a href=\"https:\/\/opac.uncoma.edu.ar\/\" target=\"_blank\" rel=\"noreferrer noopener\" data-type=\"URL\" data-id=\"https:\/\/opac.uncoma.edu.ar\/\">Cat\u00e1logo bibliogr\u00e1fico en l\u00ednea. Biblioteca Central Universidad Nacional del Comahue<\/a><\/strong><\/p>\n<p><\/p>\n<p><\/p>\n<p>De acceso p\u00fablico donde encontrar\u00e1n todos los materiales que forman parte de las colecciones de esta biblioteca.<\/p>\n<p><\/p>\n<p><\/p>\n<p><strong>* <a href=\"https:\/\/repositoriosdigitales.mincyt.gob.ar\/vufind\/Content\/repos\" target=\"_blank\" rel=\"noreferrer noopener\">Sistema Nacional de Repositorios Digitales<\/a><\/strong><\/p>\n<p><\/p>\n<p><\/p>\n<p>El SNRD es una red interoperable de repositorios digitales en ciencia y tecnolog\u00eda, a partir del establecimiento de pol\u00edticas, est\u00e1ndares y protocolos comunes a todos los integrantes del Sistema.<\/p>\n<p><\/p>\n<p><\/p>\n<p><strong>* <a href=\"https:\/\/biblioteca.mincyt.gob.ar\/\">Biblioteca electr\u00f3nica del MinCyT<\/a><\/strong><\/p>\n<p><\/p>\n<p><\/p>\n<p>Es una biblioteca a la que se accede \u00edntegramente por Internet. A trav\u00e9s de este medio brinda a la comunidad cient\u00edfica argentina acceso, desde las instituciones habilitadas, al texto completo de libros, publicaciones peri\u00f3dicas cient\u00edfico-t\u00e9cnicas, ponencias a congresos, y otros recursos de informaci\u00f3n necesarios para el desarrollo de sus actividades.<\/p>\n<p><\/p>\n<p><\/p>\n<div>* <a href=\"https:\/\/ri.conicet.gov.ar\/\" target=\"_blank\" rel=\"noopener\"><strong>Repositorio Institucional CONICET Digital<\/strong><\/a><\/div>\n<div>CONICET Digital re\u00fane la producci\u00f3n resultante de las actividades cient\u00edficas de los investigadores del Consejo Nacional de Investigaciones Cient\u00edficas y T\u00e9cnicas para su consulta libre y gratuita<\/div>\n<div>\u00a0<\/div>\n<div>* <a href=\"https:\/\/masymejordemocracia.mincyt.gob.ar\/\"><strong>M\u00e1s y mejor democracia<\/strong><\/a>. El portal de la ciencia para la democracia<br \/>M\u00e1s y mejor democracia es un espacio virtual para la memoria donde el Ministerio de Ciencia, Tecnolog\u00eda e Innovaci\u00f3n, al cumplirse 40 a\u00f1os del regreso a la democracia, pone a disposici\u00f3n las publicaciones generadas por la comunidad cient\u00edfica sobre la democracia argentina.<\/div>\n<div>\u00a0<\/div>\n<div><strong>* <a href=\"https:\/\/www.lareferencia.info\/es\/\">LA Referencia<\/a><\/strong><br \/>Visibilidad a la producci\u00f3n cient\u00edfica de las instituciones de educaci\u00f3n superior e investigaci\u00f3n de Am\u00e9rica Latina, promueve el Acceso Abierto y gratuito al texto completo, con especial \u00e9nfasis en los resultados financiados con fondos p\u00fablicos.<\/div>\n<div>\u00a0<\/div>\n<div>* <a href=\"https:\/\/dacytar.mincyt.gob.ar\/\"><strong>DACyTAr<\/strong><\/a><br \/>El portal que te permite, de forma centralizada, buscar y acceder a todos los conjuntos de datos primarios de investigaci\u00f3n disponibles en acceso abierto a trav\u00e9s de los repositorios digitales institucionales que integran el Sistema Nacional de Repositorios Digitales (SNRD)<\/div>\n<p><strong>* <a href=\"https:\/\/bibliocentral.uncoma.edu.ar\/index.php\/recursos-digitales-externos\/\" data-type=\"URL\" data-id=\"https:\/\/bibliocentral.uncoma.edu.ar\/index.php\/recursos-digitales-externos\/\">Recursos Digitales Externos<\/a><\/strong><\/p>\n<p><\/p>\n<p><\/p>\n<p>En este apartado se re\u00fanen links de Bibliotecas Virtuales, libros en textos completos con el objetivo de difundir el movimiento que promueve el acceso libre y gratuito de Literatura Cient\u00edfica (Open Access).<\/p>\n<p>\u00a0<\/p>\n<p><\/p>\n<p><\/p>\n<p><\/p>\t\t\t\t\t\t\t\t<\/div>\n\t\t\t\t<\/div>\n\t\t\t\t\t<\/div>\n\t\t<\/div>\n\t\t\t\t\t<\/div>\n\t\t<\/section>\n\t\t\t\t<\/div>\n\t\t","protected":false},"excerpt":{"rendered":"<p>Recursos Digitales * Repositorio Digital Institucional Universidad Nacional del Comahue Portal de difusi\u00f3n de la&#8230;<\/p>\n","protected":false},"author":1,"featured_media":0,"parent":0,"menu_order":0,"comment_status":"closed","ping_status":"closed","template":"","meta":{"footnotes":""},"class_list":["post-36","page","type-page","status-publish","hentry"],"_links":{"self":[{"href":"https:\/\/bibliocentral.uncoma.edu.ar\/index.php\/wp-json\/wp\/v2\/pages\/36","targetHints":{"allow":["GET"]}}],"collection":[{"href":"https:\/\/bibliocentral.uncoma.edu.ar\/index.php\/wp-json\/wp\/v2\/pages"}],"about":[{"href":"https:\/\/bibliocentral.uncoma.edu.ar\/index.php\/wp-json\/wp\/v2\/types\/page"}],"author":[{"embeddable":true,"href":"https:\/\/bibliocentral.uncoma.edu.ar\/index.php\/wp-json\/wp\/v2\/users\/1"}],"replies":[{"embeddable":true,"href":"https:\/\/bibliocentral.uncoma.edu.ar\/index.php\/wp-json\/wp\/v2\/comments?post=36"}],"version-history":[{"count":45,"href":"https:\/\/bibliocentral.uncoma.edu.ar\/index.php\/wp-json\/wp\/v2\/pages\/36\/revisions"}],"predecessor-version":[{"id":2601,"href":"https:\/\/bibliocentral.uncoma.edu.ar\/index.php\/wp-json\/wp\/v2\/pages\/36\/revisions\/2601"}],"wp:attachment":[{"href":"https:\/\/bibliocentral.uncoma.edu.ar\/index.php\/wp-json\/wp\/v2\/media?parent=36"}],"curies":[{"name":"wp","href":"https:\/\/api.w.org\/{rel}","templated":true}]}}