{"id":2619,"date":"2024-09-25T19:38:05","date_gmt":"2024-09-25T22:38:05","guid":{"rendered":"https:\/\/bibliocentral.uncoma.edu.ar\/?page_id=2619"},"modified":"2024-09-27T10:09:29","modified_gmt":"2024-09-27T13:09:29","slug":"preguntas-frecuentes-rdi","status":"publish","type":"page","link":"https:\/\/bibliocentral.uncoma.edu.ar\/index.php\/preguntas-frecuentes-rdi\/","title":{"rendered":"Preguntas Frecuentes RDI"},"content":{"rendered":"\t\t<div data-elementor-type=\"wp-page\" data-elementor-id=\"2619\" class=\"elementor elementor-2619\">\n\t\t\t\t<div class=\"elementor-element elementor-element-196beac e-flex e-con-boxed e-con e-parent\" data-id=\"196beac\" data-element_type=\"container\" data-e-type=\"container\">\n\t\t\t\t\t<div class=\"e-con-inner\">\n\t\t\t\t<div class=\"elementor-element elementor-element-7b9481e elementor-widget elementor-widget-heading\" data-id=\"7b9481e\" data-element_type=\"widget\" data-e-type=\"widget\" data-widget_type=\"heading.default\">\n\t\t\t\t<div class=\"elementor-widget-container\">\n\t\t\t\t\t<h2 class=\"elementor-heading-title elementor-size-default\">PREGUNTAS FRECUENTES - RDI<\/h2>\t\t\t\t<\/div>\n\t\t\t\t<\/div>\n\t\t\t\t\t<\/div>\n\t\t\t\t<\/div>\n\t\t<div class=\"elementor-element elementor-element-d1061e1 e-flex e-con-boxed e-con e-parent\" data-id=\"d1061e1\" data-element_type=\"container\" data-e-type=\"container\">\n\t\t\t\t\t<div class=\"e-con-inner\">\n\t\t\t\t<div class=\"elementor-element elementor-element-f9f3d0b elementor-widget elementor-widget-text-editor\" data-id=\"f9f3d0b\" data-element_type=\"widget\" data-e-type=\"widget\" data-widget_type=\"text-editor.default\">\n\t\t\t\t<div class=\"elementor-widget-container\">\n\t\t\t\t\t\t\t\t\t<h3><em><strong>\u00bfC\u00f3mo publicar trabajos?<\/strong><\/em><\/h3><p>Debe registrarse en el sitio: <a href=\"https:\/\/rdi.uncoma.edu.ar\/register\" target=\"_blank\" rel=\"noopener\">https:\/\/rdi.uncoma.edu.ar\/register<\/a><br \/>* Ingresar su trabajo mediante autoarchivo: <a href=\"https:\/\/bibliocentral.uncoma.edu.ar\/index.php\/autoarchivo-rdi\/\" target=\"_blank\" rel=\"noopener\">https:\/\/bibliocentral.uncoma.edu.ar\/index.php\/autoarchivo-rdi\/<\/a><br \/>* Mediante correo electr\u00f3nico, adjuntando pdf para la carga: <a href=\"mailto:rdi@biblioteca.uncoma.edu.ar\">rdi@biblioteca.uncoma.edu.ar<\/a><\/p><h3><em><strong>\u00bfQu\u00e9 tipos de documentos se pueden ingresar en RDI?<\/strong><\/em><\/h3><p>Tesis de grado \u2013 Tesinas- Tesis de posgrado \u2013 Trabajos finales &#8211; Libros \u2013 Cap\u00edtulos de libros &#8211; <br \/>Art\u00edculos-Preprint \u2013 Informes \u2013 Ponencias \u2013 Actas &#8211; Proyectos \u2013 Datos primarios de investigaci\u00f3n \u2013 Documentos de c\u00e1tedra &#8211;<\/p><h3><em><strong>Si soy tesista \u00bfque necesito?<\/strong><\/em><\/h3><p>Cuando la obra pretende ser parte de RDI y no est\u00e1 alcanzada por la Ley 26.899, ser\u00e1 necesario que el autor firme un <span style=\"text-decoration: underline;\"><a href=\"https:\/\/bibliocentral.uncoma.edu.ar\/wp-content\/Autorizacion_Tesis_RDI.pdf\" target=\"_blank\" rel=\"noopener\">formulario de autorizaci\u00f3n<\/a><\/span>, a trav\u00e9s del cual avala el dep\u00f3sito mediado. <br \/>Para las tesis de posgrado anteriores a la disposici\u00f3n 2024 deber\u00e1 entregar un formulario de autorizaci\u00f3n para la publicaci\u00f3n. <br \/>Debe completar los datos solicitados y firmar de pu\u00f1o y letra. La autorizaci\u00f3n puede ser entregada personalmente en Biblioteca Central o escaneada y enviada a <a href=\"mailto:rdi@biblioteca.uncoma.edu.ar\">rdi@biblioteca.uncoma.edu.ar<\/a><br \/>Para tesis de grado mediada ser\u00e1 necesario s\u00f3lo para las anteriories a 2018.<\/p><h3><em><strong>\u00bfQu\u00e9 es un per\u00edodo de embargo?<\/strong><\/em><\/h3><p>Es un bloqueo temporal durante el cual el contenido de una obra se mantiene oculto o inaccesible por determinado tiempo. Se aplicar\u00e1 para cualquier documento a solicitud del autor y con causa justificada, por motivos relacionados a la confidencialidad, porque se encuentra en v\u00edas de obtener un derecho de propiedad industrial o por existir acuerdos previos con terceros que hubieran cofinanciado la investigaci\u00f3n que diera origen a la publicaci\u00f3n.<\/p><h3><em><strong>\u00bfQu\u00e9 tipo de contenido no ser\u00e1 admitido?<\/strong><\/em><\/h3><p>Datos que estuvieran protegidos por propiedad industrial u otros acuerdos previos.<br \/>Datos sensibles o personales, que puedan atentar contra el derecho a la intimidad e im\u00e1genes. Con posibilidad de anonimatos o pixelar im\u00e1genes. <br \/>Art\u00edculos y libros que pertenezcan a editoriales comerciales.<\/p><h3><em><strong>\u00bfQu\u00e9 art\u00edculos puedo subir?<\/strong><\/em><\/h3><p>Para Art\u00edculos hay que tener en cuenta la pol\u00edtica de privacidad de la Revista.<br \/>El art\u00edculo debe encontrase en acceso abierto.<\/p><p>Licencia sobre las Revistas:<br \/><a href=\"http:\/\/www.sherpa.ac.uk\/romeo\/\" target=\"_blank\" rel=\"noopener\">SHERPA RoMEO<\/a> es una base de datos en l\u00ednea que agrega y analiza las pol\u00edticas de acceso abierto de las principales revistas, pol\u00edticas de archivo de acceso abierto revista por revista. Permite la b\u00fasqueda mediante t\u00edtulo o ISSN.<br \/>En caso que la revista no aparezca, se recomienda visitar el sitio web de la misma\u00a0 y corroborar las pol\u00edticas de derecho de autor y su licencia de uso.<\/p><h3><em><strong>\u00bfQu\u00e9 son las licencias Creative Commons?<\/strong><\/em><\/h3><p>Cuando un recurso es difundido en Internet es una buena pr\u00e1ctica indicar, a quienes lo acceden (ya sean personas o procesos de software), cu\u00e1les son las acciones permitidas respecto a dicho recurso. As\u00ed, debe indicarse si el recurso puede ser le\u00eddo, copiado, guardado, redistribuido, reimpreso, usado como base de nuevas obras, etc. o nada de lo anterior. <br \/>En RDI utilizamos CC BY-NC-SA 4.0<br \/><strong>Atribuci\u00f3n<\/strong>: Usted debe dar cr\u00e9dito de manera adecuada, brindar un enlace a la licencia, e indicar si se han realizado cambios. Puede hacerlo en cualquier forma razonable, pero no de forma tal que sugiera que usted o su uso tienen el apoyo de la licenciante. <br \/><strong>NoComercial<\/strong> \u2014 Usted no puede hacer uso del material con prop\u00f3sitos comerciales.<br \/><strong>SinDerivadas<\/strong> \u2014 Si remezcla, transforma o crea a partir del material, no podr\u00e1 distribuir el material modificado.<\/p><h3><strong>\u00bfQu\u00e9 son los datos primarios de investigaci\u00f3n?<\/strong><\/h3><p>Se entiende por datos primarios, de primera mano o brutos, a aquellos datos sobre los que se basa una investigaci\u00f3n, recolectados, observados, creados para ser analizados y producir resultados de investigaci\u00f3n. Pueden ser archivos num\u00e9ricos, tablas, hojas de c\u00e1lculo, registros textuales, archivos de computador, encuestas, entre otros.<\/p><p>&#8212;&#8212;&#8212;&#8212;&#8212;&#8212;&#8212;&#8212;&#8212;&#8212;&#8212;&#8212;&#8212;&#8212;&#8212;&#8212;&#8212;&#8212;&#8212;&#8212;&#8212;&#8212;&#8212;&#8212;&#8212;&#8212;&#8212;&#8212;&#8212;&#8212;&#8212;&#8212;&#8212;&#8212;&#8212;&#8212;&#8212;&#8212;<\/p><h3><strong>Informaci\u00f3n para tesistas<\/strong>:<\/h3><p>Los trabajos finales de carrera, tesis o tesina son propiedad intelectual del estudiante<br \/>que lo presenta. El estudiante deber\u00e1 entregar la versi\u00f3n definitiva del trabajo con el dictamen<br \/>aprobado en formato papel y digital, este \u00faltimo con el objetivo de ser incorporado al Repositorio<br \/>Digital Institucional, para su acceso abierto, libre y gratuito. (ORD. 0273\/2018 \u2013 Art.51)<\/p><h3>Tesistas posgrado:<\/h3><p>Mediante la Disposici\u00f3n n.\u00ba 002\/2024, en su Art\u00edculo 1, se estableci\u00f3<br \/>que todo Tesista de Posgrado, de Maestr\u00eda y Doctorado, realice el autoarchivo de su tesis en el<br \/>Repositorio Digital Institucional (RDI), para que el acceso a la misma sea abierto, libre y<br \/>gratuito. (Expte S- 3057 \/00\/ 2023)<\/p><p>Las tesis de posgrado, de Maestr\u00edas, Doctorados y trabajos finales de las Especializaciones deben contener los siguientes datos a fin de cumplimentar la incorporaci\u00f3n de estos documentos al RDI:<br \/>\u2022 T\u00edtulo de la tesis<br \/>\u2022 Apellido y nombre completo del autor o autora<br \/>\u2022 Apellido y nombre completo del director o directora y del codirector o codirectora<br \/>\u2022 T\u00edtulo al que se accede<br \/>\u2022 Fecha de defensa de la tesis<br \/>\u2022 Unidad Acad\u00e9mica<\/p>\t\t\t\t\t\t\t\t<\/div>\n\t\t\t\t<\/div>\n\t\t\t\t\t<\/div>\n\t\t\t\t<\/div>\n\t\t\t\t<\/div>\n\t\t","protected":false},"excerpt":{"rendered":"<p>PREGUNTAS FRECUENTES &#8211; RDI \u00bfC\u00f3mo publicar trabajos? Debe registrarse en el sitio: https:\/\/rdi.uncoma.edu.ar\/register* Ingresar su&#8230;<\/p>\n","protected":false},"author":1,"featured_media":0,"parent":0,"menu_order":0,"comment_status":"closed","ping_status":"closed","template":"","meta":{"footnotes":""},"class_list":["post-2619","page","type-page","status-publish","hentry"],"_links":{"self":[{"href":"https:\/\/bibliocentral.uncoma.edu.ar\/index.php\/wp-json\/wp\/v2\/pages\/2619","targetHints":{"allow":["GET"]}}],"collection":[{"href":"https:\/\/bibliocentral.uncoma.edu.ar\/index.php\/wp-json\/wp\/v2\/pages"}],"about":[{"href":"https:\/\/bibliocentral.uncoma.edu.ar\/index.php\/wp-json\/wp\/v2\/types\/page"}],"author":[{"embeddable":true,"href":"https:\/\/bibliocentral.uncoma.edu.ar\/index.php\/wp-json\/wp\/v2\/users\/1"}],"replies":[{"embeddable":true,"href":"https:\/\/bibliocentral.uncoma.edu.ar\/index.php\/wp-json\/wp\/v2\/comments?post=2619"}],"version-history":[{"count":20,"href":"https:\/\/bibliocentral.uncoma.edu.ar\/index.php\/wp-json\/wp\/v2\/pages\/2619\/revisions"}],"predecessor-version":[{"id":2643,"href":"https:\/\/bibliocentral.uncoma.edu.ar\/index.php\/wp-json\/wp\/v2\/pages\/2619\/revisions\/2643"}],"wp:attachment":[{"href":"https:\/\/bibliocentral.uncoma.edu.ar\/index.php\/wp-json\/wp\/v2\/media?parent=2619"}],"curies":[{"name":"wp","href":"https:\/\/api.w.org\/{rel}","templated":true}]}}