{"id":1250,"date":"2023-05-19T15:59:07","date_gmt":"2023-05-19T15:59:07","guid":{"rendered":"https:\/\/bibliocentral.uncoma.edu.ar\/?page_id=1250"},"modified":"2023-05-19T16:02:19","modified_gmt":"2023-05-19T16:02:19","slug":"reglamento-de-donaciones","status":"publish","type":"page","link":"https:\/\/bibliocentral.uncoma.edu.ar\/index.php\/reglamento-de-donaciones\/","title":{"rendered":"Reglamento de Donaciones"},"content":{"rendered":"\t\t<div data-elementor-type=\"wp-page\" data-elementor-id=\"1250\" class=\"elementor elementor-1250\">\n\t\t\t\t\t\t<section class=\"elementor-section elementor-top-section elementor-element elementor-element-371be202 elementor-section-boxed elementor-section-height-default elementor-section-height-default\" data-id=\"371be202\" data-element_type=\"section\" data-e-type=\"section\">\n\t\t\t\t\t\t<div class=\"elementor-container elementor-column-gap-default\">\n\t\t\t\t\t<div class=\"elementor-column elementor-col-100 elementor-top-column elementor-element elementor-element-34ad2662\" data-id=\"34ad2662\" data-element_type=\"column\" data-e-type=\"column\">\n\t\t\t<div class=\"elementor-widget-wrap elementor-element-populated\">\n\t\t\t\t\t\t<div class=\"elementor-element elementor-element-3581989d elementor-widget elementor-widget-text-editor\" data-id=\"3581989d\" data-element_type=\"widget\" data-e-type=\"widget\" data-widget_type=\"text-editor.default\">\n\t\t\t\t<div class=\"elementor-widget-container\">\n\t\t\t\t\t\t\t\t\t\n<p>REGLAMENTO DE DONACIONES<\/p>\n<p>Art. 1\u00b0 &#8211; La Biblioteca recibir\u00e1 en car\u00e1cter de donaci\u00f3n aquellos materiales que ata\u00f1en al perfil de su colecciones, siempre y cuando no se traten de fotocopias, documentos incompletos, deteriorados (vestigios de humedad, moho, roeduras de insectos y animales, etc.) o en el caso de donaciones particulares cuando tengan el sello de propiedad de otras instituciones.<\/p>\n\n<p>Art. 2\u00b0 &#8211; La Biblioteca no aceptar\u00e1 la donaci\u00f3n de duplicados de ejemplares ya presentes en sus colecciones, <strong>salvo excepciones como donaciones provenientes del personal docente o de investigaci\u00f3n de la casa, en ejercicio o jubilado<\/strong>, el valor de la obra, la demanda de la misma, la solicitud por parte de c\u00e1tedras, ejemplares autografiados, obras antiguas que resaltan por su valor hist\u00f3rico para el patrimonio del Centro u otras caracter\u00edsticas que as\u00ed lo justifiquen. La decisi\u00f3n final de la aceptaci\u00f3n siempre quedar\u00e1 a cargo del Director de la biblioteca y\/o responsable de la colecci\u00f3n. <strong>Luego de pasar por un periodo de minuciosa evaluaci\u00f3n.<\/strong><\/p>\n\n<p>Art. 3\u00b0 -Las condiciones para aceptar publicaciones peri\u00f3dicas son las estipuladas en los Art. 1 y 2, siempre que sean colecciones completas o que completen las existencias de t\u00edtulos ya presentes en la hemeroteca.<\/p>\n\n<p>Art. 4\u00b0 &#8211; Las donaciones aceptadas para su ingreso en la Biblioteca se admitir\u00e1n sin ning\u00fan tipo de condicionamiento por parte de particulares o instituciones que realicen la donaci\u00f3n. La Biblioteca se reservan el derecho a decidir la ubicaci\u00f3n, organizaci\u00f3n, uso y destino final del material donado en funci\u00f3n de sus intereses institucionales; tampoco se compromete a asignar un lugar especial a los materiales donados.<\/p>\n\n<p>Art. 5\u00b0 \u2013La Biblioteca, en el caso de aceptar una donaci\u00f3n, se reserva el derecho exclusivo de canjear, donar y\/o descartar los fondos bibliogr\u00e1ficos que considere oportunos para el desarrollo coherente de su colecci\u00f3n.<\/p>\n\n<p>Art. 6\u00b0 &#8211; <strong>El donante debe presentar un listado de los materiales que desea donar<\/strong> en el que consten los siguientes datos: autor, t\u00edtulo, edici\u00f3n, lugar, editor, a\u00f1o y cantidad de p\u00e1ginas. Para su aceptaci\u00f3n total o parcial, las mismas pasaran por un periodo de evaluaci\u00f3n, para eventualmente incorporarlas a nuestra colecci\u00f3n o redireccionarlas a bibliotecas populares, Institutos de salud, penitenciarias, Etc.<br \/>Contemplando excepciones por frecuencia de uso (alta circulaci\u00f3n) etc.<\/p>\n\n<p>Art 7\u00b0-El donante, cualquiera sea su requerimiento o demanda, renuncia a solicitar la devoluci\u00f3n de los ejemplares donados.<\/p>\n\n<p>Art. 8\u00b0 -Todo donante debe conocer y dar fe del presente Reglamento de Donaciones en el momento de la instrumentaci\u00f3n preliminar de la donaci\u00f3n. Una vez efectuada la donaci\u00f3n no se acepta ning\u00fan tipo de reclamos por parte del donante.<\/p>\n\n<p><strong>Administraci\u00f3n Biblioteca Central.<\/strong><\/p>\n\n<p><strong>Contacto<\/strong>: Maricel Vidaurreta<br \/><strong>Tel\u00e9fono<\/strong>: 4490394<br \/><strong>Correo electr\u00f3nico<\/strong>: <a href=\"mailto:administracion@biblioteca.uncoma.edu.ar\">administracion@biblioteca.uncoma.edu.ar<\/a><\/p>\n\n<p>\u00a0<\/p>\n\t\t\t\t\t\t\t\t<\/div>\n\t\t\t\t<\/div>\n\t\t\t\t\t<\/div>\n\t\t<\/div>\n\t\t\t\t\t<\/div>\n\t\t<\/section>\n\t\t\t\t<\/div>\n\t\t","protected":false},"excerpt":{"rendered":"<p>REGLAMENTO DE DONACIONES Art. 1\u00b0 &#8211; La Biblioteca recibir\u00e1 en car\u00e1cter de donaci\u00f3n aquellos materiales&#8230;<\/p>\n","protected":false},"author":1,"featured_media":0,"parent":0,"menu_order":0,"comment_status":"closed","ping_status":"closed","template":"","meta":{"footnotes":""},"class_list":["post-1250","page","type-page","status-publish","hentry"],"_links":{"self":[{"href":"https:\/\/bibliocentral.uncoma.edu.ar\/index.php\/wp-json\/wp\/v2\/pages\/1250","targetHints":{"allow":["GET"]}}],"collection":[{"href":"https:\/\/bibliocentral.uncoma.edu.ar\/index.php\/wp-json\/wp\/v2\/pages"}],"about":[{"href":"https:\/\/bibliocentral.uncoma.edu.ar\/index.php\/wp-json\/wp\/v2\/types\/page"}],"author":[{"embeddable":true,"href":"https:\/\/bibliocentral.uncoma.edu.ar\/index.php\/wp-json\/wp\/v2\/users\/1"}],"replies":[{"embeddable":true,"href":"https:\/\/bibliocentral.uncoma.edu.ar\/index.php\/wp-json\/wp\/v2\/comments?post=1250"}],"version-history":[{"count":7,"href":"https:\/\/bibliocentral.uncoma.edu.ar\/index.php\/wp-json\/wp\/v2\/pages\/1250\/revisions"}],"predecessor-version":[{"id":1257,"href":"https:\/\/bibliocentral.uncoma.edu.ar\/index.php\/wp-json\/wp\/v2\/pages\/1250\/revisions\/1257"}],"wp:attachment":[{"href":"https:\/\/bibliocentral.uncoma.edu.ar\/index.php\/wp-json\/wp\/v2\/media?parent=1250"}],"curies":[{"name":"wp","href":"https:\/\/api.w.org\/{rel}","templated":true}]}}