{"id":116,"date":"2022-06-14T14:07:25","date_gmt":"2022-06-14T14:07:25","guid":{"rendered":"http:\/\/170.210.83.55\/?page_id=116"},"modified":"2023-04-16T15:36:36","modified_gmt":"2023-04-16T15:36:36","slug":"politicas-rdi","status":"publish","type":"page","link":"https:\/\/bibliocentral.uncoma.edu.ar\/index.php\/politicas-rdi\/","title":{"rendered":"Pol\u00edticas RDI"},"content":{"rendered":"\t\t<div data-elementor-type=\"wp-page\" data-elementor-id=\"116\" class=\"elementor elementor-116\">\n\t\t\t\t\t\t<section class=\"elementor-section elementor-top-section elementor-element elementor-element-7d625325 elementor-section-boxed elementor-section-height-default elementor-section-height-default\" data-id=\"7d625325\" data-element_type=\"section\" data-e-type=\"section\">\n\t\t\t\t\t\t<div class=\"elementor-container elementor-column-gap-default\">\n\t\t\t\t\t<div class=\"elementor-column elementor-col-100 elementor-top-column elementor-element elementor-element-7b35d663\" data-id=\"7b35d663\" data-element_type=\"column\" data-e-type=\"column\">\n\t\t\t<div class=\"elementor-widget-wrap elementor-element-populated\">\n\t\t\t\t\t\t<div class=\"elementor-element elementor-element-6ff7d352 elementor-widget elementor-widget-text-editor\" data-id=\"6ff7d352\" data-element_type=\"widget\" data-e-type=\"widget\" data-widget_type=\"text-editor.default\">\n\t\t\t\t<div class=\"elementor-widget-container\">\n\t\t\t\t\t\t\t\t\t\n<p class=\"has-text-align-center\"><strong>Pol\u00edticas de funcionamiento del Repositorio Digital Institucional<br \/>Universidad Nacional del Comahue<br \/>(ANEXO \u00daNICO Ordenanza 0173)<\/strong><\/p>\n\n<p class=\"has-text-align-center\">Documento elaborado en el marco del Proyecto Picto-CIN 2010-0139<\/p>\n\n<p class=\"has-text-align-center\">&#8220;Diagn\u00f3stico y Modelado de Infraestructura para Soporte de Repositorios Digitales Regionales&#8221;<\/p>\n\n<p>La propuesta de creaci\u00f3n de un Repositorio Digital Institucional considera establecer un marco de pol\u00edticas que regulen su funcionamiento, los roles y responsabilidades de las partes involucradas, as\u00ed como tambi\u00e9n el cumplimiento de las <a href=\"\/wp-content\/Directrices_SNRD_2015.pdf\">Directrices del Sistema Nacional de Repositorios Digitales<\/a>, en un todo de acuerdo con las pol\u00edticas y estrategias de nuestra Instituci\u00f3n.<\/p>\n\n<p><a id=\"top\" name=\"top\"><\/a>Estas pol\u00edticas se centran en:<\/p>\n\n<ol class=\"wp-block-list\">\n<li><a href=\"#1\">Un marco normativo para la propia Universidad.<\/a><\/li>\n\n<li><a href=\"#2\">La Gesti\u00f3n de contenidos y colecciones.<\/a> <br \/>2.1. <a href=\"#21\">Requisitos.<\/a> <br \/>2.2. <a href=\"#22\">Estructura de las colecciones.<\/a> <br \/>2.3. <a href=\"#23\">Tipos de documentos aceptados.<\/a> <br \/>2.4. <a href=\"#24\">Administraci\u00f3n de colecciones.<\/a> <br \/>2.5. <a href=\"#25\">La edici\u00f3n, retenci\u00f3n, sustituci\u00f3n y eliminaci\u00f3n de registros y objetos.<\/a><\/li>\n\n<li><a href=\"#3\">El Dep\u00f3sito de materiales.<\/a><\/li>\n\n<li><a href=\"#4\">La Protecci\u00f3n de derecho de autor y propiedad intelectual.<\/a><\/li>\n\n<li><a href=\"#5\">El Acceso y uso.<\/a><\/li>\n\n<li><a href=\"#6\">Los Servicios.<\/a><\/li>\n\n<li><a href=\"#7\">Servicios espec\u00edficos.<\/a><\/li>\n<\/ol>\n<hr class=\"wp-block-separator has-alpha-channel-opacity\" \/>\n<ol class=\"wp-block-list\">\n<li><a id=\"1\" name=\"1\"><\/a>Marco normativo del RDI en la UNCo<\/li>\n<\/ol>\n\n<p>Se considera necesario que la Universidad establezca:<\/p>\n\n<ul class=\"wp-block-list\">\n<li>La creaci\u00f3n de un Repositorio Digital.<\/li>\n\n<li>La adhesi\u00f3n a pol\u00edticas que postulen el acceso abierto permanente y gratuito a los contenidos cient\u00edficos y acad\u00e9micos de la propia instituci\u00f3n.<\/li>\n\n<li>Adhesi\u00f3n al Sistema Nacional de Repositorios Digitales &#8211; SNRD2<\/li>\n\n<li>Adhesi\u00f3n a las Directrices del Sistema Nacional de Repositorios Digitales (Mincyt): La aplicaci\u00f3n de las Directrices SNRD permitir\u00e1 a los repositorios digitales argentinos adheridos al Sistema Nacional de Repositorios Digitales contar con est\u00e1ndares usados internacionalmente, facilitando su inclusi\u00f3n en redes internacionales de repositorios.<\/li>\n\n<li>La interoperabilidad de los repositorios mediante la estandarizaci\u00f3n permitir\u00e1 generar servicios de valor agregado para todo el SNRD, entre otros beneficios.<\/li>\n\n<li>Estrategias que garanticen los derechos de los autores de los objetos digitales incluidos en los Repositorios.<\/li>\n\n<li>Definici\u00f3n de licencias digitales que especifiquen los derechos de reutilizaci\u00f3n y sus condiciones.<\/li>\n\n<li>Garant\u00edas al acceso permanente y perpetuo mediante aplicaci\u00f3n de medidas de preservaci\u00f3n de los objetos del Repositorio.<\/li>\n<\/ul>\n\n<ol class=\"wp-block-list\" start=\"2\">\n<li><a id=\"2\" name=\"2\"><\/a>Pol\u00edticas de gesti\u00f3n de contenidos y colecciones <a href=\"#top\">\u2b06\ufe0f<\/a><\/li>\n<\/ol>\n\n<p>Este aspecto es central para la constituci\u00f3n de cada repositorio ya que define el tipo de contenido aceptado, la forma en que se organizar\u00e1 y los lineamientos y procedimientos para su administraci\u00f3n. La Universidad definir\u00e1, sobre su Repositorio:<\/p>\n\n<ul class=\"wp-block-list\">\n<li>Requisitos<\/li>\n\n<li>La estructura de sus colecciones.<\/li>\n\n<li>Los tipos y formatos de los documentos aceptados.<\/li>\n\n<li>La administraci\u00f3n de las colecciones<\/li>\n\n<li>La edici\u00f3n, retenci\u00f3n, sustituci\u00f3n y eliminaci\u00f3n de registros<\/li>\n<\/ul>\n\n<p>Los contenidos son los documentos que reflejan la actividad de investigaci\u00f3n, acad\u00e9mica y de extensi\u00f3n producidos por miembros (investigadores y t\u00e9cnicos, docentes, estudiantes de grado y postrado) pertenecientes a la Universidad.<\/p>\n\n<p>2.1. <a id=\"21\" name=\"21\"><\/a>Requisitos <a href=\"#top\">\u2b06\ufe0f<\/a><\/p>\n\n<ul class=\"wp-block-list\">\n<li>Ser producido (autor o coautor) por miembros de la Universidad, se encuentren en ejercicio o revistan en car\u00e1cter de em\u00e9rito, consulto o invitado.<\/li>\n\n<li>Ser elaborado por estudiantes de grado y postrado, siempre y cuando se trate de trabajos producidos para la obtenci\u00f3n del t\u00edtulo.<\/li>\n\n<li>Estar contenido en una publicaci\u00f3n de la Universidad, independientemente de que el o los autores sean miembros de la misma.<\/li>\n\n<li>Ser resultado de actividades de investigaci\u00f3n, ense\u00f1anza o extensi\u00f3n.<\/li>\n\n<li>Estar en formato digital (sea desde su origen o producido con posterioridad).<\/li>\n\n<li>Poseer todos los datos para su identificaci\u00f3n y clasificaci\u00f3n.<\/li>\n\n<li>Contar con los derechos de propiedad intelectual y que estos no afecten a terceros.<\/li>\n\n<li>Podr\u00e1n ser producto del financiamiento de Centros miembros del RDI y otros, previa autorizaci\u00f3n de derechos no exclusivos de publicaci\u00f3n y distribuci\u00f3n.<\/li>\n\n<li>Estar escritos en los idiomas espa\u00f1ol, ingl\u00e9s, franc\u00e9s o portugu\u00e9s (no excluyente).<\/li>\n\n<li>Ser pertinente por lo menos a una colecci\u00f3n y\/o comunidad que el Repositorio haya determinado.<\/li>\n<\/ul>\n\n<p>2.2 <a id=\"3\" name=\"3\"><\/a>Estructura de las colecciones <a href=\"#top\">\u2b06\ufe0f<\/a><\/p>\n\n<p>Los objetos que integran las colecciones podr\u00e1n estar estructurados de modo jer\u00e1rquico en comunidades (grandes \u00e1reas cient\u00edficas \/ disciplinares), con diversas subcomunidades y el material organizado en colecciones (tipolog\u00eda de contenidos)<\/p>\n\n<ul class=\"wp-block-list\">\n<li>El Repositorio contendr\u00e1 el recurso mismo y sus metadatos.<\/li>\n\n<li>Por razones de accesibilidad y preservaci\u00f3n digital se recomienda que se publiquen en formatos abiertos tales como RTF, PDF, legibles a simple vista, de im\u00e1genes sin p\u00e9rdidas y de audio sin p\u00e9rdida. El tama\u00f1o m\u00e1ximo para un archivo individual ser\u00e1 establecido por cada Universidad<\/li>\n\n<li>Los Repositorios deben adherir al est\u00e1ndar mmimo de metadatos Dublin Core<\/li>\n\n<li>Simplificado (no cualificado- en acuerdo a las Directrices del SNRD mencionadas); podr\u00e1n asimismo utilizar esquemas adicionales. Estos metadatos pueden ser reutilizados sin necesidad de permiso expl\u00edcito, siempre y cuando sea sin \u00e1nimo de lucro y mencionando el enlace al registro original.<\/li>\n\n<li>Los \u00edtems depositados deben ser \u00edntegros.<\/li>\n\n<li>Los objetos depositados no podr\u00e1n estar encriptados, protegidos por contrase\u00f1a ni poseer mecanismos anti-copia, tampoco podr\u00e1n contener archivos, programas o scripts incrustados<\/li>\n\n<li>La Universidad podr\u00e1 determinar pol\u00edticas particulares para publicar en forma parcial cierto tipo de documentos.<\/li>\n\n<li>Se respetar\u00e1n casos de documentos con embargo impuesto por la editora o el autor. Se ingresar\u00e1 el objeto \u00fanicamente con sus metadatos y una vez cumplida la fecha, se dar\u00e1 de alta al documento completo.<\/li>\n<\/ul>\n\n<p>2.3. <a id=\"23\" name=\"23\"><\/a>Tipos de documentos aceptados <a href=\"#top\">\u2b06\ufe0f<\/a><\/p>\n\n<p>Entre los m\u00e1s comunes, se pueden enumerar:<\/p>\n\n<ul class=\"wp-block-list\">\n<li>Revistas editadas en el \u00e1mbito de la propia Universidad o en conjunto con otra instituci\u00f3n<\/li>\n\n<li>Art\u00edculos postprint de revistas<\/li>\n\n<li>Publicaciones seriadas (documentos de trabajo, informes t\u00e9cnicos y similares, memorias, etc.)<\/li>\n\n<li>Libros<\/li>\n\n<li>Secciones y cap\u00edtulos de libros<\/li>\n\n<li>Documentos de car\u00e1cter institucional<\/li>\n\n<li>Tesis de grado, de maestr\u00eda, doctorales, tesinas y trabajos finales de grado producidos y aprobados para la obtenci\u00f3n del t\u00edtulo<\/li>\n\n<li>Patentes o modelos industriales<\/li>\n\n<li>Ponencias, p\u00f3steres o comunicaciones presentadas en reuniones, congresos, jornadas, seminarios, encuentros, etc.<\/li>\n\n<li>Im\u00e1genes fijas (fotografias, mapas, planos, l\u00e1minas, etc.)<\/li>\n\n<li>V\u00eddeos<\/li>\n\n<li>Partituras<\/li>\n\n<li>Audio<\/li>\n\n<li>Presentaciones e informes finales de proyectos de investigaci\u00f3n<\/li>\n\n<li>Un producto resultante de las actividades acad\u00e9micas, de investigaci\u00f3n, de extensi\u00f3n e institucionales (discursos, memorias, entrevistas, exposiciones, actas de congresos, reuniones, jornadas, encuentros, etc.)<\/li>\n\n<li>Software (programas inform\u00e1ticos)<\/li>\n\n<li>Objetos de aprendizaje<\/li>\n\n<li>Material digitalizado: siempre que se cuente con los permisos oportunos en cuanto a derechos de autor. Se incluyen aqu\u00ed digitalizaciones de trabajos que por su antig\u00fcedad carezcan de una versi\u00f3n electr\u00f3nica disponible en Internet.<\/li>\n<\/ul>\n\n<p>La Universidad podr\u00eda determinar la inclusi\u00f3n de otros trabajos (preprints, art\u00edculos no sometidos a revisi\u00f3n de pares, rese\u00f1as, letters y similares), siempre que se cuente con el aval del \u00f3rgano ejecutivo correspondiente.<\/p>\n\n<p>2.4. <a id=\"24\" name=\"24\"><\/a>Administraci\u00f3n de colecciones <a href=\"#top\">\u2b06\ufe0f<\/a><\/p>\n\n<p>La Universidad definir\u00e1 la estructura organizativa Biblioteca Central, con la colaboraci\u00f3n de las involucrados en el tema. Teniendo en cuenta la normas en vigencia, se asignar\u00e1n responsabilidades que administre el Repositorio dentro de la Secretar\u00edas o Programas de la Universidad pol\u00edtica establecida por la Instituci\u00f3n en las entre las cuales se contemple:<\/p>\n\n<ul class=\"wp-block-list\">\n<li>la gesti\u00f3n de permisos sobre el dep\u00f3sito de documentos;<\/li>\n\n<li>la revisi\u00f3n y aprobaci\u00f3n de los documentos depositados en las colecciones;<\/li>\n\n<li>el proceso de validaci\u00f3n (creaci\u00f3n, edici\u00f3n y certificaci\u00f3n) de los metadatos asociados a los documentos.<\/li>\n\n<li>la aceptaci\u00f3n, rechazo o retiro de los documentos.<\/li>\n\n<li>la legibilidad y accesibilidad de los \u00edtems depositados en forma permanente e indefinida, migr\u00e1ndolos a nuevos formatos de acuerdo con las necesidades o circunstancias coyunturales.<\/li>\n\n<li>gestionar la custodia de respaldo de los metadatos e \u00edtems depositados.<\/li>\n\n<li>desarrollar servicios de valor agregado (listados, reportes de publicaciones, estad\u00edsticas de acceso y descarga, alertas, referencias, etc.) sea para fines informativos, de evaluaci\u00f3n o administrativos.<\/li>\n<\/ul>\n\n<p>La Universidad ser\u00e1 garante de la calidad y validez de los contenidos de sus colecciones.<\/p>\n\n<p>2.5. <a id=\"25\" name=\"25\"><\/a>La edici\u00f3n, retenci\u00f3n, sustituci\u00f3n y eliminaci\u00f3n de registros y objetos <a href=\"#top\">\u2b06\ufe0f<\/a><\/p>\n\n<p>El RDI tiene como objetivo retener todos los \u00edtems depositados en su seno. No se contempla, en consecuencia, la eliminaci\u00f3n de registros y objetos con excepci\u00f3n de los casos descriptos a continuaci\u00f3n:<\/p>\n\n<ul class=\"wp-block-list\">\n<li>No ser pertinentes a la naturaleza del Repositorio.<\/li>\n\n<li>Soporten un formato cuyo archivo o visualizaci\u00f3n sea insatisfactorio.<\/li>\n\n<li>Contengan virus o presenten cualquier otro problema t\u00e9cnico.<\/li>\n\n<li>Infrinjan los derechos de autor.<\/li>\n\n<li>Sean plagios de trabajos de otros autores.<\/li>\n\n<li>Los trabajos duplicados.<\/li>\n<\/ul>\n\n<p>Teniendo en cuenta los objetivos predichos, si un autor revis\u00f3 sustancialmente el contenido de un trabajo suyo y desea depositar una nueva versi\u00f3n, se aconseja hacerlo como un registro y documento nuevo. La Administraci\u00f3n del Repositorio podr\u00e1 colaborar a vincular ambos e incluir leyendas sobre la versi\u00f3n preferida.<br \/>La Administraci\u00f3n podr\u00e1 realizar algunas modificaciones menores, tales como, realizar mapeos, cambiar colecciones de registros, borrar registros completos, eliminar archivos en los casos de embargo y activar el acceso abierto cuando un embargo finaliza.<\/p>\n\n<ol class=\"wp-block-list\" start=\"3\">\n<li><a id=\"3\" name=\"3\"><\/a>Pol\u00edticas de dep\u00f3sito de materiales <a href=\"#top\">\u2b06\ufe0f<\/a><\/li>\n<\/ol>\n\n<p>Estas recomendaciones facilitan la gesti\u00f3n, integraci\u00f3n y acceso a la informaci\u00f3n depositada en el Repositorio.<\/p>\n\n<p>El RDI se sustentar\u00e1 en un modelo distribuido de trabajo proveyendo al menos dos v\u00edas para la incorporaci\u00f3n de documentos a su Repositorio: dep\u00f3sito directo (auto archivo) y dep\u00f3sito mediado, en el cual se puede delegar el mismo a la Biblioteca.<\/p>\n\n<ul class=\"wp-block-list\">\n<li>Est\u00e1n autorizados a depositar publicaciones y documentos los investigadores, t\u00e9cnicos, docentes, estudiantes de grado y postgrado pertenecientes a la Universidad, as\u00ed como tambi\u00e9n aquellos externos que publican en documentos editados por la Universidad.<\/li>\n\n<li>Los \u00edtems pueden ser depositados por sus autores, sus derechohabientes, personal delegado acreditado o los titulares de los derechos de edici\u00f3n (en el caso de ser la Universidad).<\/li>\n\n<li>El autor deber\u00e1 poseer la propiedad intelectual del trabajo y ceder a la Universidad el derecho no exclusivo de preservar y dar acceso a su documento a trav\u00e9s de los servicios de b\u00fasqueda y consulta del Repositorio u otras fuentes externas, garantizando a la Universidad que no tiene limitaciones de copyright o derechos conexos para su publicaci\u00f3n.<\/li>\n\n<li>Los responsables de los Repositorios deber\u00e1n proveer a los depositantes instrucciones claras y sencillas sobre el procedimiento, tipos y formatos del contenido a depositar, as\u00ed como tambi\u00e9n permitir la elecci\u00f3n entre el auto archivo o la entrega de los documentos a los servicios habilitados del Repositorio.<\/li>\n\n<li>El Repositorio deber\u00e1 proveer un servicio de ayuda y especificaciones sobre el marco legal de sus derechos como autor y de comunicaci\u00f3n en el Repositorio, integrados al proceso de dep\u00f3sito.<\/li>\n\n<li>En el caso de auto archivo los autores ingresar\u00e1n sus objetos y ser\u00e1n responsables de asignar los metadatos bibliogr\u00e1ficos. Al mismo tiempo enviar\u00e1n la licencia de uso y distribuci\u00f3n correspondiente.<\/li>\n\n<li>Los objetos depositados mediante la modalidad de auto archivo ser\u00e1n sometidos a revisi\u00f3n por los responsables del Repositorio antes de su publicaci\u00f3n, para garantizar que cumplan<br \/>con los requisitos establecidos en lo referido a integridad, datos obligatorios, identificaci\u00f3n, etc.<\/li>\n\n<li>Cualquier violaci\u00f3n de derechos de autor en los objetos depositados, de la cual se disponga de prueba fehaciente, dar\u00e1 lugar a la remoci\u00f3n del Repositorio.<\/li>\n\n<li>Para realizar la publicaci\u00f3n de los objetos es condici\u00f3n necesaria la aceptaci\u00f3n, por parte del autor, de un acuerdo de dep\u00f3sito que permita la preservaci\u00f3n y difusi\u00f3n no exclusiva de los mismos. Asimismo se podr\u00e1 regir por los contratos firmados con antelaci\u00f3n.<\/li>\n\n<li>Para los casos en que los autores quieran depositar trabajos ya publicados, es preciso conocer las condiciones que imponen los Editores.&#8221;<\/li>\n<\/ul>\n\n<p>4. <a id=\"4\" name=\"4\"><\/a>Pol\u00edticas de protecci\u00f3n de derecho de autor y propiedad intelectual <a href=\"#top\">\u2b06\ufe0f<\/a><\/p>\n\n<p>La Universidad propiciar\u00e1 la cesi\u00f3n no exclusiva de derechos para publicar objetos en el RDI respetando siempre la propiedad intelectual, de acuerdo con la normativa en vigencia en el pa\u00eds<\/p>\n\n<p>Asimismo, y como queda especificado en este documento, buscar\u00e1 los medios m\u00e1s apropiados para ampliar el acceso al conocimiento depositado en su colecci\u00f3n teniendo en cuenta las pol\u00edticas defair use (uso honrado), copylejt, licencias libres, etc. La normativa individual de la Universidad al respecto ser\u00e1 difundida en forma amplia y cabal entre los depositantes.<\/p>\n\n<ol class=\"wp-block-list\" start=\"5\">\n<li><a id=\"5\" name=\"5\"><\/a>Pol\u00edticas de acceso y uso <a href=\"#top\">\u2b06\ufe0f<\/a><\/li>\n<\/ol>\n\n<p>Estas pol\u00edticas determinan la forma en que se usan los objetos consultados y proporcionan indicadores de evaluaci\u00f3n sobre el funcionamiento del Repositorio.<\/p>\n\n<p>El RDI reconoce dos tipos de usuarios:<\/p>\n\n<ul class=\"wp-block-list\">\n<li>Usuarios locales: de la propia Universidad, seg\u00fan lo estipulado anteriormente.<\/li>\n\n<li>Usuarios finales: personas interesadas en los contenidos del Repositorio, otros Repositorios que act\u00faan como cosechadores (harvesters, miner\u00eda de datos), otros sistemas de b\u00fasqueda y\/o indexaci\u00f3n.<\/li>\n\n<li>El acceso al texto completo de los \u00edtems es libre y sin cargo, y ajustado a las pol\u00edticas de acceso abierto.<\/li>\n\n<li>Los objetos deber\u00e1n ser identificados en cuanto a su integridad (texto completo, resumen, texto parcial, etc.) y contar\u00e1n adem\u00e1s con una licencia de uso propia que especifique los derechos de reutilizaci\u00f3n y sus condiciones, seg\u00fan los modelos difundidos (por ejemplo Creative Commons).<\/li>\n\n<li>La Administraci\u00f3n del Repositorio, se reserva el derecho de limitar el acceso al contenido, de acuerdo con pol\u00edticas establecidas al efecto en la normativa institucional.<\/li>\n\n<li>El usuario final, al aceptar los t\u00e9rminos de la licencia general, se compromete a cumplir con lo establecido en ella. El Repositorio brindar\u00e1 orientaci\u00f3n sobre la forma correcta de citar el objeto, con detalles bibliogr\u00e1ficos completos, as\u00ed como su direcci\u00f3n persistente (URL, 001).<\/li>\n<\/ul>\n\n<p>6. <a id=\"6\" name=\"6\"><\/a>Pol\u00edticas de servicios <a href=\"#top\">\u2b06\ufe0f<\/a><\/p>\n\n<p>Los servicios b\u00e1sicos que debe contener un RDI son:<\/p>\n\n<ul class=\"wp-block-list\">\n<li>Software DSpace, con un modelo b\u00e1sico \u00fanico adaptado a las necesidades propias del repositorio y a las caracter\u00edsticas distintivas de la Universidad.<\/li>\n\n<li>Infraestructura tecnol\u00f3gica: a nivel de hardware, DSpace no define requerimientos espec\u00edficos de servidor. Se debe tener en cuenta que los requisitos var\u00edan en funci\u00f3n del tama\u00f1o de la instituci\u00f3n, el n\u00famero de documentos que se prev\u00e9 que se van a depositar, cantidad de accesos, etc.<\/li>\n\n<li>Estad\u00edsticas: debe ofrecer, al menos la siguientes:<\/li>\n<\/ul>\n\n<p><strong>a.<\/strong> De uso (visitas y visitantes, descargas, lecturas, accesos, visualizaciones, consultas), globales del Repositorio, por comunidades, por colecciones y por documentos.<br \/><strong>b.<\/strong> An\u00e1lisis de navegaci\u00f3n (duraci\u00f3n, puntos de entrada, p\u00e1ginas m\u00e1s vistas)<br \/><strong>c.<\/strong> Origen de la consulta (pa\u00edses)<br \/><strong>d.<\/strong> Crecimiento del Repositorio (con distintos niveles de an\u00e1lisis, ej. Colecciones, tipo de objetos, l\u00ednea temporal)<\/p>\n\n<ol class=\"wp-block-list\" start=\"7\">\n<li><a id=\"7\" name=\"7\"><\/a>Servicios espec\u00edficos <a href=\"#top\">\u2b06\ufe0f<\/a><\/li>\n<\/ol>\n\n<p><strong>a.<\/strong> Gu\u00eda de ingreso de objetos al RDI, para simplificar la entrada de datos.<br \/><strong>b.<\/strong> Posibilidad de interactuar con otros sistemas.<br \/><strong>c.<\/strong> De b\u00fasqueda simple (por palabras clave, autores, t\u00edtulo, fuente de la publicaci\u00f3n, fecha, etc.) y avanzada (en todo el texto, por tipo de documento, por colecciones, navegando por el &#8220;mapa&#8221; del Repositorio, relaci\u00f3n con otros documentos del Repositorio, basadas en contexto, etc.). Se deber\u00eda ofrecer la posibilidad de combinar t\u00e9rminos extra\u00eddos de distintos campos.<br \/><strong>d.<\/strong> Compartir los documentos a trav\u00e9s de distintas redes sociales<br \/><strong>e.<\/strong> Forma de citar el objeto y exportar la referencia bibliogr\u00e1fica a distintos gestores de bibliografias, ej. Refworks, Endnote, etc.<br \/><strong>f.<\/strong> Direcci\u00f3n persistente (handle)<br \/><strong>g.<\/strong> Servicios adicionales tales como DSI, RSS, enviar el objeto o la referencia por<br \/>correo electr\u00f3nico y otros.<br \/><strong>h.<\/strong> Accesibilidad.<br \/><strong>i.<\/strong> Estad\u00edsticas para uso de la Administraci\u00f3n del Repositorio con el objeto de brindar herramientas para evaluarlo y mejorarlo en forma permanente.<\/p>\n\n<p>El Repositorio deber\u00e1 desarrollar servicios de valor agregado para los interesados (listados, reportes de publicaciones, estad\u00edsticas de acceso y descarga, alertas, referencias, etc.), sea para fines informativos, de evaluaci\u00f3n o administrativos. <a href=\"#top\">\u2b06\ufe0f<\/a><\/p>\n\n<p>(Ref. PICTO-CIN 2010-0139)<\/p>\n\t\t\t\t\t\t\t\t<\/div>\n\t\t\t\t<\/div>\n\t\t\t\t\t<\/div>\n\t\t<\/div>\n\t\t\t\t\t<\/div>\n\t\t<\/section>\n\t\t\t\t<\/div>\n\t\t","protected":false},"excerpt":{"rendered":"<p>Pol\u00edticas de funcionamiento del Repositorio Digital InstitucionalUniversidad Nacional del Comahue(ANEXO \u00daNICO Ordenanza 0173) Documento elaborado&#8230;<\/p>\n","protected":false},"author":1,"featured_media":0,"parent":0,"menu_order":0,"comment_status":"closed","ping_status":"closed","template":"","meta":{"footnotes":""},"class_list":["post-116","page","type-page","status-publish","hentry"],"_links":{"self":[{"href":"https:\/\/bibliocentral.uncoma.edu.ar\/index.php\/wp-json\/wp\/v2\/pages\/116","targetHints":{"allow":["GET"]}}],"collection":[{"href":"https:\/\/bibliocentral.uncoma.edu.ar\/index.php\/wp-json\/wp\/v2\/pages"}],"about":[{"href":"https:\/\/bibliocentral.uncoma.edu.ar\/index.php\/wp-json\/wp\/v2\/types\/page"}],"author":[{"embeddable":true,"href":"https:\/\/bibliocentral.uncoma.edu.ar\/index.php\/wp-json\/wp\/v2\/users\/1"}],"replies":[{"embeddable":true,"href":"https:\/\/bibliocentral.uncoma.edu.ar\/index.php\/wp-json\/wp\/v2\/comments?post=116"}],"version-history":[{"count":19,"href":"https:\/\/bibliocentral.uncoma.edu.ar\/index.php\/wp-json\/wp\/v2\/pages\/116\/revisions"}],"predecessor-version":[{"id":934,"href":"https:\/\/bibliocentral.uncoma.edu.ar\/index.php\/wp-json\/wp\/v2\/pages\/116\/revisions\/934"}],"wp:attachment":[{"href":"https:\/\/bibliocentral.uncoma.edu.ar\/index.php\/wp-json\/wp\/v2\/media?parent=116"}],"curies":[{"name":"wp","href":"https:\/\/api.w.org\/{rel}","templated":true}]}}